{"id":36027,"date":"2024-09-13T15:07:37","date_gmt":"2024-09-13T15:07:37","guid":{"rendered":"https:\/\/remenje.co.rs\/shop\/proizvod\/remenjeremenje-za-poljoprivredne-strojeveklinasti-kaisklasicno-klinasto-remenje-496\/"},"modified":"2025-01-30T08:40:11","modified_gmt":"2025-01-30T08:40:11","slug":"remenjeremenje-za-poljoprivredne-masineklinasti-kaisklasicno-klinasto-remenje-566","status":"publish","type":"product","link":"https:\/\/remenje.co.rs\/shop\/proizvod\/remenjeremenje-za-poljoprivredne-masineklinasti-kaisklasicno-klinasto-remenje-566\/","title":{"rendered":"Gates Klinasti remen 0102163"},"content":{"rendered":"<p>Osigurajte dugotrajnost va\u0161ih ma\u0161ina uz Gates Klinasti remen 0102163. Ovo fleksibilno remenje je dizajnirano za smanjenje proklizavanja u razli\u010ditim industrijskim aplikacijama. Izra\u0111eno od premium materijala, Gates Klinasti remen 0102163 pru\u017ea visoku otpornost na habanje u zahtevnim radnim uslovima. Zahvaljuju\u0107i svom preciznoj izradi, ovo remenje pobolj\u0161ava efikasnost va\u0161ih ma\u0161ina i opreme. 6210977,D-41983200,B95.02209,340433475,Z28339,OX18245,0621 0977,857813,088-002215-5.206,41983200,71364922,201108520,8,80022E+11,20092103,B9502209,3176489R1,1108520,672178R1,99203090,YC14807 Case Intl. Harvester 30 0102163,0102163,71364922,0621 0977,857813,41983200,340433475,Z28339,OX18245,6210977,672178R1,99203090,YC14807,880022155206,D-41983200,B95.02209,20092103,088-002215-5.206,3176489R1,201108520,1108520,B9502209,Gates Klinasti remen 0102163,0102163,71364922,0621 0977,857813,41983200,340433475,Z28339,OX18245,6210977,672178R1,99203090,YC14807,880022155206,D-41983200,B95.02209,20092103,088-002215-5.206,3176489R1,201108520,1108520,B9502209,0102163,Gates Klinasti remen 0102163,0102163<\/p>\n","protected":false},"excerpt":{"rendered":"<p>Osigurajte dugotrajnost va\u0161ih ma\u0161ina uz Gates Klinasti remen 0102163. Ovo fleksibilno remenje je dizajnirano za smanjenje proklizavanja u razli\u010ditim industrijskim aplikacijama. Izra\u0111eno od premium materijala, Gates Klinasti remen 0102163 pru\u017ea visoku otpornost na habanje u zahtevnim radnim uslovima. Zahvaljuju\u0107i svom preciznoj izradi, ovo remenje pobolj\u0161ava efikasnost va\u0161ih ma\u0161ina i opreme. 6210977,D-41983200,B95.02209,340433475,Z28339,OX18245,0621 0977,857813,088-002215-5.206,41983200,71364922,201108520,8,80022E+11,20092103,B9502209,3176489R1,1108520,672178R1,99203090,YC14807 Case Intl. Harvester [&hellip;]<\/p>\n","protected":false},"featured_media":92120,"template":"","meta":{"_acf_changed":false},"product_brand":[],"product_cat":[373,378,374,387],"product_tag":[],"class_list":{"0":"post-36027","1":"product","2":"type-product","3":"status-publish","4":"has-post-thumbnail","6":"product_cat-remenje","7":"product_cat-klinasti-kais","8":"product_cat-remenje-za-poljoprivredne-masine","9":"product_cat-klasicno-klinasto-remenje","10":"ts_product_brand-gates","12":"first","13":"instock","14":"taxable","15":"shipping-taxable","16":"product-type-simple","17":"add-to-wishlist-after_add_to_cart"},"acf":[],"_links":{"self":[{"href":"https:\/\/remenje.co.rs\/shop\/wp-json\/wp\/v2\/product\/36027","targetHints":{"allow":["GET"]}}],"collection":[{"href":"https:\/\/remenje.co.rs\/shop\/wp-json\/wp\/v2\/product"}],"about":[{"href":"https:\/\/remenje.co.rs\/shop\/wp-json\/wp\/v2\/types\/product"}],"wp:featuredmedia":[{"embeddable":true,"href":"https:\/\/remenje.co.rs\/shop\/wp-json\/wp\/v2\/media\/92120"}],"wp:attachment":[{"href":"https:\/\/remenje.co.rs\/shop\/wp-json\/wp\/v2\/media?parent=36027"}],"wp:term":[{"taxonomy":"product_brand","embeddable":true,"href":"https:\/\/remenje.co.rs\/shop\/wp-json\/wp\/v2\/product_brand?post=36027"},{"taxonomy":"product_cat","embeddable":true,"href":"https:\/\/remenje.co.rs\/shop\/wp-json\/wp\/v2\/product_cat?post=36027"},{"taxonomy":"product_tag","embeddable":true,"href":"https:\/\/remenje.co.rs\/shop\/wp-json\/wp\/v2\/product_tag?post=36027"}],"curies":[{"name":"wp","href":"https:\/\/api.w.org\/{rel}","templated":true}]}}