{"id":36139,"date":"2024-09-13T15:09:37","date_gmt":"2024-09-13T15:09:37","guid":{"rendered":"https:\/\/remenje.co.rs\/shop\/proizvod\/remenjeremenje-za-poljoprivredne-strojeveklinasti-kaisklasicno-klinasto-remenje-608\/"},"modified":"2025-01-30T08:40:38","modified_gmt":"2025-01-30T08:40:38","slug":"remenjeremenje-za-poljoprivredne-masineklinasti-kaisklasicno-klinasto-remenje-678","status":"publish","type":"product","link":"https:\/\/remenje.co.rs\/shop\/proizvod\/remenjeremenje-za-poljoprivredne-masineklinasti-kaisklasicno-klinasto-remenje-678\/","title":{"rendered":"Gates Klinasti remen 0102415"},"content":{"rendered":"<p>Pobolj\u0161ajte performanse prenosa va\u0161ih ma\u0161ina uz Gates Klinasti remen 0102415. Ovo specijalizovano remenje omogu\u0107ava maksimalnu iskori\u0161\u0107enost pogonske energije u svim radnim uslovima. Kreirano od visokootpornih materijala, Gates Klinasti remen 0102415 obezbe\u0111uje izuzetnu izdr\u017eljivost. Zahvaljuju\u0107i svom visokoj otpornosti na temperaturu i hemikalije, ovo remenje pobolj\u0161ava performanse va\u0161ih industrijskih sistema. 0621 1010,9351009900,6211010,9351.0099.00,832866M2,7531090,0470590,470590 Massey Ferguson 300,Massey Ferguson 750 &#8211; 755,Massey Ferguson 750 Old,Massey Ferguson 760,Massey Ferguson 760 Old,Massey Ferguson 760 &#8211; 765 0102415,0102415,0470590,470590,832866M2,0621 1010,9351009900,7531090,9351.0099.00,6211010,0102415,Gates Klinasti remen 0102415,0470590,470590,832866M2,0621 1010,9351009900,7531090,9351.0099.00,6211010,0102415,Gates Klinasti remen 0102415,0102415<\/p>\n","protected":false},"excerpt":{"rendered":"<p>Pobolj\u0161ajte performanse prenosa va\u0161ih ma\u0161ina uz Gates Klinasti remen 0102415. Ovo specijalizovano remenje omogu\u0107ava maksimalnu iskori\u0161\u0107enost pogonske energije u svim radnim uslovima. Kreirano od visokootpornih materijala, Gates Klinasti remen 0102415 obezbe\u0111uje izuzetnu izdr\u017eljivost. Zahvaljuju\u0107i svom visokoj otpornosti na temperaturu i hemikalije, ovo remenje pobolj\u0161ava performanse va\u0161ih industrijskih sistema. 0621 1010,9351009900,6211010,9351.0099.00,832866M2,7531090,0470590,470590 Massey Ferguson 300,Massey Ferguson 750 [&hellip;]<\/p>\n","protected":false},"featured_media":92105,"template":"","meta":{"_acf_changed":false},"product_brand":[],"product_cat":[373,378,374,387],"product_tag":[],"class_list":{"0":"post-36139","1":"product","2":"type-product","3":"status-publish","4":"has-post-thumbnail","6":"product_cat-remenje","7":"product_cat-klinasti-kais","8":"product_cat-remenje-za-poljoprivredne-masine","9":"product_cat-klasicno-klinasto-remenje","10":"ts_product_brand-gates","12":"first","13":"instock","14":"taxable","15":"shipping-taxable","16":"product-type-simple","17":"add-to-wishlist-after_add_to_cart"},"acf":[],"_links":{"self":[{"href":"https:\/\/remenje.co.rs\/shop\/wp-json\/wp\/v2\/product\/36139","targetHints":{"allow":["GET"]}}],"collection":[{"href":"https:\/\/remenje.co.rs\/shop\/wp-json\/wp\/v2\/product"}],"about":[{"href":"https:\/\/remenje.co.rs\/shop\/wp-json\/wp\/v2\/types\/product"}],"wp:featuredmedia":[{"embeddable":true,"href":"https:\/\/remenje.co.rs\/shop\/wp-json\/wp\/v2\/media\/92105"}],"wp:attachment":[{"href":"https:\/\/remenje.co.rs\/shop\/wp-json\/wp\/v2\/media?parent=36139"}],"wp:term":[{"taxonomy":"product_brand","embeddable":true,"href":"https:\/\/remenje.co.rs\/shop\/wp-json\/wp\/v2\/product_brand?post=36139"},{"taxonomy":"product_cat","embeddable":true,"href":"https:\/\/remenje.co.rs\/shop\/wp-json\/wp\/v2\/product_cat?post=36139"},{"taxonomy":"product_tag","embeddable":true,"href":"https:\/\/remenje.co.rs\/shop\/wp-json\/wp\/v2\/product_tag?post=36139"}],"curies":[{"name":"wp","href":"https:\/\/api.w.org\/{rel}","templated":true}]}}