{"id":36153,"date":"2024-09-13T15:09:49","date_gmt":"2024-09-13T15:09:49","guid":{"rendered":"https:\/\/remenje.co.rs\/shop\/proizvod\/remenjeremenje-za-poljoprivredne-strojeveklinasti-kaisklasicno-klinasto-remenje-622\/"},"modified":"2025-01-14T22:07:05","modified_gmt":"2025-01-14T22:07:05","slug":"remenjeremenje-za-poljoprivredne-masineklinasti-kaisklasicno-klinasto-remenje-692","status":"publish","type":"product","link":"https:\/\/remenje.co.rs\/shop\/proizvod\/remenjeremenje-za-poljoprivredne-masineklinasti-kaisklasicno-klinasto-remenje-692\/","title":{"rendered":"Gates Klinasti remen 0102461"},"content":{"rendered":"<p>Unapredite ukupne performanse va\u0161ih sistema uz Gates Klinasti remen 0102461. Ovo visokotehnolo\u0161ko remenje obezbe\u0111uje optimalan prenos velike snage u \u0161irokom spektru industrijskih primena. Proizvedeno od izdr\u017eljivih materijala, Gates Klinasti remen 0102461 garantuje dugotrajne performanse. Zbog svog visoke otpornosti na kidanje, ovo remenje je idealno za odr\u017eavanje rada va\u0161ih industrijskih sistema. 3371438M1,GXB13623 0102461,0102461,GXB13623,3371438M1,0102461,Gates Klinasti remen 0102461,GXB13623,3371438M1,0102461,Gates Klinasti remen 0102461,0102461<\/p>\n","protected":false},"excerpt":{"rendered":"<p>Unapredite ukupne performanse va\u0161ih sistema uz Gates Klinasti remen 0102461. Ovo visokotehnolo\u0161ko remenje obezbe\u0111uje optimalan prenos velike snage u \u0161irokom spektru industrijskih primena. Proizvedeno od izdr\u017eljivih materijala, Gates Klinasti remen 0102461 garantuje dugotrajne performanse. Zbog svog visoke otpornosti na kidanje, ovo remenje je idealno za odr\u017eavanje rada va\u0161ih industrijskih sistema. 3371438M1,GXB13623 0102461,0102461,GXB13623,3371438M1,0102461,Gates Klinasti remen 0102461,GXB13623,3371438M1,0102461,Gates [&hellip;]<\/p>\n","protected":false},"featured_media":0,"template":"","meta":{"_acf_changed":false},"product_brand":[],"product_cat":[373,378,374,387],"product_tag":[],"class_list":{"0":"post-36153","1":"product","2":"type-product","3":"status-publish","5":"product_cat-remenje","6":"product_cat-klinasti-kais","7":"product_cat-remenje-za-poljoprivredne-masine","8":"product_cat-klasicno-klinasto-remenje","9":"ts_product_brand-gates","11":"first","12":"instock","13":"taxable","14":"shipping-taxable","15":"product-type-simple","16":"add-to-wishlist-after_add_to_cart"},"acf":[],"_links":{"self":[{"href":"https:\/\/remenje.co.rs\/shop\/wp-json\/wp\/v2\/product\/36153","targetHints":{"allow":["GET"]}}],"collection":[{"href":"https:\/\/remenje.co.rs\/shop\/wp-json\/wp\/v2\/product"}],"about":[{"href":"https:\/\/remenje.co.rs\/shop\/wp-json\/wp\/v2\/types\/product"}],"wp:attachment":[{"href":"https:\/\/remenje.co.rs\/shop\/wp-json\/wp\/v2\/media?parent=36153"}],"wp:term":[{"taxonomy":"product_brand","embeddable":true,"href":"https:\/\/remenje.co.rs\/shop\/wp-json\/wp\/v2\/product_brand?post=36153"},{"taxonomy":"product_cat","embeddable":true,"href":"https:\/\/remenje.co.rs\/shop\/wp-json\/wp\/v2\/product_cat?post=36153"},{"taxonomy":"product_tag","embeddable":true,"href":"https:\/\/remenje.co.rs\/shop\/wp-json\/wp\/v2\/product_tag?post=36153"}],"curies":[{"name":"wp","href":"https:\/\/api.w.org\/{rel}","templated":true}]}}