{"id":36156,"date":"2024-09-13T15:09:51","date_gmt":"2024-09-13T15:09:51","guid":{"rendered":"https:\/\/remenje.co.rs\/shop\/proizvod\/remenjeremenje-za-poljoprivredne-strojeveklinasti-kaisklasicno-klinasto-remenje-625\/"},"modified":"2025-01-14T22:07:08","modified_gmt":"2025-01-14T22:07:08","slug":"remenjeremenje-za-poljoprivredne-masineklinasti-kaisklasicno-klinasto-remenje-695","status":"publish","type":"product","link":"https:\/\/remenje.co.rs\/shop\/proizvod\/remenjeremenje-za-poljoprivredne-masineklinasti-kaisklasicno-klinasto-remenje-695\/","title":{"rendered":"Gates Klinasti remen 0102489"},"content":{"rendered":"<p>Unapredite ukupne performanse va\u0161ih sistema uz Gates Klinasti remen 0102489. Ovo visokotehnolo\u0161ko remenje obezbe\u0111uje optimalan prenos velike snage u \u0161irokom spektru industrijskih primena. Proizvedeno od vrhunskih materijala, Gates Klinasti remen 0102489 garantuje dugotrajne performanse. Zbog svog visoke otpornosti na kidanje, ovo remenje je klju\u010dno za unapre\u0111enje rada va\u0161ih industrijskih sistema. 80230066,192360C1,3371643M1,230066 Case Intl. Harvester 1400 &#8211; Us Edition (\u201a\u00c4\u00b6 &#8211; 20715),Case Intl. Harvester 1460 &#8211; Us Edition (23247 &#8211; \u201a\u00c4\u00b6) 0102489,0102489,192360C1,80230066,3371643M1,230066,0102489,Gates Klinasti remen 0102489,192360C1,80230066,3371643M1,230066,0102489,Gates Klinasti remen 0102489,0102489<\/p>\n","protected":false},"excerpt":{"rendered":"<p>Unapredite ukupne performanse va\u0161ih sistema uz Gates Klinasti remen 0102489. Ovo visokotehnolo\u0161ko remenje obezbe\u0111uje optimalan prenos velike snage u \u0161irokom spektru industrijskih primena. Proizvedeno od vrhunskih materijala, Gates Klinasti remen 0102489 garantuje dugotrajne performanse. Zbog svog visoke otpornosti na kidanje, ovo remenje je klju\u010dno za unapre\u0111enje rada va\u0161ih industrijskih sistema. 80230066,192360C1,3371643M1,230066 Case Intl. Harvester 1400 [&hellip;]<\/p>\n","protected":false},"featured_media":0,"template":"","meta":{"_acf_changed":false},"product_brand":[],"product_cat":[373,378,374,387],"product_tag":[],"class_list":{"0":"post-36156","1":"product","2":"type-product","3":"status-publish","5":"product_cat-remenje","6":"product_cat-klinasti-kais","7":"product_cat-remenje-za-poljoprivredne-masine","8":"product_cat-klasicno-klinasto-remenje","9":"ts_product_brand-gates","11":"first","12":"instock","13":"taxable","14":"shipping-taxable","15":"product-type-simple","16":"add-to-wishlist-after_add_to_cart"},"acf":[],"_links":{"self":[{"href":"https:\/\/remenje.co.rs\/shop\/wp-json\/wp\/v2\/product\/36156","targetHints":{"allow":["GET"]}}],"collection":[{"href":"https:\/\/remenje.co.rs\/shop\/wp-json\/wp\/v2\/product"}],"about":[{"href":"https:\/\/remenje.co.rs\/shop\/wp-json\/wp\/v2\/types\/product"}],"wp:attachment":[{"href":"https:\/\/remenje.co.rs\/shop\/wp-json\/wp\/v2\/media?parent=36156"}],"wp:term":[{"taxonomy":"product_brand","embeddable":true,"href":"https:\/\/remenje.co.rs\/shop\/wp-json\/wp\/v2\/product_brand?post=36156"},{"taxonomy":"product_cat","embeddable":true,"href":"https:\/\/remenje.co.rs\/shop\/wp-json\/wp\/v2\/product_cat?post=36156"},{"taxonomy":"product_tag","embeddable":true,"href":"https:\/\/remenje.co.rs\/shop\/wp-json\/wp\/v2\/product_tag?post=36156"}],"curies":[{"name":"wp","href":"https:\/\/api.w.org\/{rel}","templated":true}]}}