{"id":36157,"date":"2024-09-13T15:09:52","date_gmt":"2024-09-13T15:09:52","guid":{"rendered":"https:\/\/remenje.co.rs\/shop\/proizvod\/remenjeremenje-za-poljoprivredne-strojeveklinasti-kaisklasicno-klinasto-remenje-626\/"},"modified":"2025-01-14T22:07:09","modified_gmt":"2025-01-14T22:07:09","slug":"remenjeremenje-za-poljoprivredne-masineklinasti-kaisklasicno-klinasto-remenje-696","status":"publish","type":"product","link":"https:\/\/remenje.co.rs\/shop\/proizvod\/remenjeremenje-za-poljoprivredne-masineklinasti-kaisklasicno-klinasto-remenje-696\/","title":{"rendered":"Gates Klinasti remen 0102497"},"content":{"rendered":"<p>Osigurajte pouzdan prenos snage va\u0161ih ma\u0161ina uz Gates Klinasti remen 0102497. Ovo visokokvalitetno remenje je dizajnirano za smanjenje proklizavanja u razli\u010ditim industrijskim aplikacijama. Izra\u0111eno od naprednih materijala, Gates Klinasti remen 0102497 pru\u017ea superiornu izdr\u017eljivost u zahtevnim radnim uslovima. Zahvaljuju\u0107i svom preciznoj izradi, ovo remenje osigurava pouzdano funkcionisanje va\u0161ih ma\u0161ina i opreme. 271471,D-41957900,41957900 Dronningborg D 900 &#8211; D950 0102497,0102497,41957900,D-41957900,271471,0102497,Gates Klinasti remen 0102497,41957900,D-41957900,271471,0102497,Gates Klinasti remen 0102497,0102497<\/p>\n","protected":false},"excerpt":{"rendered":"<p>Osigurajte pouzdan prenos snage va\u0161ih ma\u0161ina uz Gates Klinasti remen 0102497. Ovo visokokvalitetno remenje je dizajnirano za smanjenje proklizavanja u razli\u010ditim industrijskim aplikacijama. Izra\u0111eno od naprednih materijala, Gates Klinasti remen 0102497 pru\u017ea superiornu izdr\u017eljivost u zahtevnim radnim uslovima. Zahvaljuju\u0107i svom preciznoj izradi, ovo remenje osigurava pouzdano funkcionisanje va\u0161ih ma\u0161ina i opreme. 271471,D-41957900,41957900 Dronningborg D 900 [&hellip;]<\/p>\n","protected":false},"featured_media":0,"template":"","meta":{"_acf_changed":false},"product_brand":[],"product_cat":[373,378,374,387],"product_tag":[],"class_list":{"0":"post-36157","1":"product","2":"type-product","3":"status-publish","5":"product_cat-remenje","6":"product_cat-klinasti-kais","7":"product_cat-remenje-za-poljoprivredne-masine","8":"product_cat-klasicno-klinasto-remenje","9":"ts_product_brand-gates","11":"first","12":"instock","13":"taxable","14":"shipping-taxable","15":"product-type-simple","16":"add-to-wishlist-after_add_to_cart"},"acf":[],"_links":{"self":[{"href":"https:\/\/remenje.co.rs\/shop\/wp-json\/wp\/v2\/product\/36157","targetHints":{"allow":["GET"]}}],"collection":[{"href":"https:\/\/remenje.co.rs\/shop\/wp-json\/wp\/v2\/product"}],"about":[{"href":"https:\/\/remenje.co.rs\/shop\/wp-json\/wp\/v2\/types\/product"}],"wp:attachment":[{"href":"https:\/\/remenje.co.rs\/shop\/wp-json\/wp\/v2\/media?parent=36157"}],"wp:term":[{"taxonomy":"product_brand","embeddable":true,"href":"https:\/\/remenje.co.rs\/shop\/wp-json\/wp\/v2\/product_brand?post=36157"},{"taxonomy":"product_cat","embeddable":true,"href":"https:\/\/remenje.co.rs\/shop\/wp-json\/wp\/v2\/product_cat?post=36157"},{"taxonomy":"product_tag","embeddable":true,"href":"https:\/\/remenje.co.rs\/shop\/wp-json\/wp\/v2\/product_tag?post=36157"}],"curies":[{"name":"wp","href":"https:\/\/api.w.org\/{rel}","templated":true}]}}