{"id":36168,"date":"2024-09-13T15:10:05","date_gmt":"2024-09-13T15:10:05","guid":{"rendered":"https:\/\/remenje.co.rs\/shop\/proizvod\/remenjeremenje-za-poljoprivredne-strojeveklinasti-kaisklasicno-klinasto-remenje-637\/"},"modified":"2025-01-30T08:40:39","modified_gmt":"2025-01-30T08:40:39","slug":"remenjeremenje-za-poljoprivredne-masineklinasti-kaisklasicno-klinasto-remenje-707","status":"publish","type":"product","link":"https:\/\/remenje.co.rs\/shop\/proizvod\/remenjeremenje-za-poljoprivredne-masineklinasti-kaisklasicno-klinasto-remenje-707\/","title":{"rendered":"Gates Klinasti remen 0202610"},"content":{"rendered":"<p>Pobolj\u0161ajte pouzdanost opreme va\u0161ih ma\u0161ina uz Gates Klinasti remen 0202610. Ovo visokoperformansno remenje omogu\u0107ava optimalno smanjenje vibracija u svim radnim uslovima. Kreirano od tehnolo\u0161ki naprednih materijala, Gates Klinasti remen 0202610 obezbe\u0111uje optimalnu efikasnost prenosa. Zahvaljuju\u0107i svom preciznoj kalibraciji, ovo remenje pobolj\u0161ava performanse va\u0161ih industrijskih sistema. 326473M1,518615,Z23086,H141167,H160171 0202610,0202610,518615,H141167,H160171,326473M1,Z23086,0202610,Gates Klinasti remen 0202610,518615,H141167,H160171,326473M1,Z23086,0202610,Gates Klinasti remen 0202610,0202610<\/p>\n","protected":false},"excerpt":{"rendered":"<p>Pobolj\u0161ajte pouzdanost opreme va\u0161ih ma\u0161ina uz Gates Klinasti remen 0202610. Ovo visokoperformansno remenje omogu\u0107ava optimalno smanjenje vibracija u svim radnim uslovima. Kreirano od tehnolo\u0161ki naprednih materijala, Gates Klinasti remen 0202610 obezbe\u0111uje optimalnu efikasnost prenosa. Zahvaljuju\u0107i svom preciznoj kalibraciji, ovo remenje pobolj\u0161ava performanse va\u0161ih industrijskih sistema. 326473M1,518615,Z23086,H141167,H160171 0202610,0202610,518615,H141167,H160171,326473M1,Z23086,0202610,Gates Klinasti remen 0202610,518615,H141167,H160171,326473M1,Z23086,0202610,Gates Klinasti remen 0202610,0202610<\/p>\n","protected":false},"featured_media":92066,"template":"","meta":{"_acf_changed":false},"product_brand":[],"product_cat":[373,378,374,387],"product_tag":[],"class_list":{"0":"post-36168","1":"product","2":"type-product","3":"status-publish","4":"has-post-thumbnail","6":"product_cat-remenje","7":"product_cat-klinasti-kais","8":"product_cat-remenje-za-poljoprivredne-masine","9":"product_cat-klasicno-klinasto-remenje","10":"ts_product_brand-gates","12":"first","13":"instock","14":"taxable","15":"shipping-taxable","16":"product-type-simple","17":"add-to-wishlist-after_add_to_cart"},"acf":[],"_links":{"self":[{"href":"https:\/\/remenje.co.rs\/shop\/wp-json\/wp\/v2\/product\/36168","targetHints":{"allow":["GET"]}}],"collection":[{"href":"https:\/\/remenje.co.rs\/shop\/wp-json\/wp\/v2\/product"}],"about":[{"href":"https:\/\/remenje.co.rs\/shop\/wp-json\/wp\/v2\/types\/product"}],"wp:featuredmedia":[{"embeddable":true,"href":"https:\/\/remenje.co.rs\/shop\/wp-json\/wp\/v2\/media\/92066"}],"wp:attachment":[{"href":"https:\/\/remenje.co.rs\/shop\/wp-json\/wp\/v2\/media?parent=36168"}],"wp:term":[{"taxonomy":"product_brand","embeddable":true,"href":"https:\/\/remenje.co.rs\/shop\/wp-json\/wp\/v2\/product_brand?post=36168"},{"taxonomy":"product_cat","embeddable":true,"href":"https:\/\/remenje.co.rs\/shop\/wp-json\/wp\/v2\/product_cat?post=36168"},{"taxonomy":"product_tag","embeddable":true,"href":"https:\/\/remenje.co.rs\/shop\/wp-json\/wp\/v2\/product_tag?post=36168"}],"curies":[{"name":"wp","href":"https:\/\/api.w.org\/{rel}","templated":true}]}}