{"id":36172,"date":"2024-09-13T15:10:07","date_gmt":"2024-09-13T15:10:07","guid":{"rendered":"https:\/\/remenje.co.rs\/shop\/proizvod\/remenjeremenje-za-poljoprivredne-strojeveklinasti-kaisklasicno-klinasto-remenje-641\/"},"modified":"2025-01-14T22:07:20","modified_gmt":"2025-01-14T22:07:20","slug":"remenjeremenje-za-poljoprivredne-masineklinasti-kaisklasicno-klinasto-remenje-711","status":"publish","type":"product","link":"https:\/\/remenje.co.rs\/shop\/proizvod\/remenjeremenje-za-poljoprivredne-masineklinasti-kaisklasicno-klinasto-remenje-711\/","title":{"rendered":"Gates Klinasti remen 0102663"},"content":{"rendered":"<p>Pobolj\u0161ajte energetsku efikasnost va\u0161ih ma\u0161ina uz Gates Klinasti remen 0102663. Ovo specijalizovano remenje omogu\u0107ava precizan prenos velike snage u svim radnim uslovima. Kreirano od visokootpornih materijala, Gates Klinasti remen 0102663 obezbe\u0111uje optimalnu efikasnost prenosa. Zahvaljuju\u0107i svom inovativnom V-dizajnu, ovo remenje produ\u017eava vek trajanja va\u0161ih industrijskih sistema. 1730367M1,230070,620292M1,80230070 New Holland M 103 0102663,0102663,620292M1,1730367M1,80230070,230070,0102663,Gates Klinasti remen 0102663,620292M1,1730367M1,80230070,230070,0102663,Gates Klinasti remen 0102663,0102663<\/p>\n","protected":false},"excerpt":{"rendered":"<p>Pobolj\u0161ajte energetsku efikasnost va\u0161ih ma\u0161ina uz Gates Klinasti remen 0102663. Ovo specijalizovano remenje omogu\u0107ava precizan prenos velike snage u svim radnim uslovima. Kreirano od visokootpornih materijala, Gates Klinasti remen 0102663 obezbe\u0111uje optimalnu efikasnost prenosa. Zahvaljuju\u0107i svom inovativnom V-dizajnu, ovo remenje produ\u017eava vek trajanja va\u0161ih industrijskih sistema. 1730367M1,230070,620292M1,80230070 New Holland M 103 0102663,0102663,620292M1,1730367M1,80230070,230070,0102663,Gates Klinasti remen 0102663,620292M1,1730367M1,80230070,230070,0102663,Gates [&hellip;]<\/p>\n","protected":false},"featured_media":0,"template":"","meta":{"_acf_changed":false},"product_brand":[],"product_cat":[373,378,374,387],"product_tag":[],"class_list":{"0":"post-36172","1":"product","2":"type-product","3":"status-publish","5":"product_cat-remenje","6":"product_cat-klinasti-kais","7":"product_cat-remenje-za-poljoprivredne-masine","8":"product_cat-klasicno-klinasto-remenje","9":"ts_product_brand-gates","11":"first","12":"instock","13":"taxable","14":"shipping-taxable","15":"product-type-simple","16":"add-to-wishlist-after_add_to_cart"},"acf":[],"_links":{"self":[{"href":"https:\/\/remenje.co.rs\/shop\/wp-json\/wp\/v2\/product\/36172","targetHints":{"allow":["GET"]}}],"collection":[{"href":"https:\/\/remenje.co.rs\/shop\/wp-json\/wp\/v2\/product"}],"about":[{"href":"https:\/\/remenje.co.rs\/shop\/wp-json\/wp\/v2\/types\/product"}],"wp:attachment":[{"href":"https:\/\/remenje.co.rs\/shop\/wp-json\/wp\/v2\/media?parent=36172"}],"wp:term":[{"taxonomy":"product_brand","embeddable":true,"href":"https:\/\/remenje.co.rs\/shop\/wp-json\/wp\/v2\/product_brand?post=36172"},{"taxonomy":"product_cat","embeddable":true,"href":"https:\/\/remenje.co.rs\/shop\/wp-json\/wp\/v2\/product_cat?post=36172"},{"taxonomy":"product_tag","embeddable":true,"href":"https:\/\/remenje.co.rs\/shop\/wp-json\/wp\/v2\/product_tag?post=36172"}],"curies":[{"name":"wp","href":"https:\/\/api.w.org\/{rel}","templated":true}]}}