{"id":36174,"date":"2024-09-13T15:10:10","date_gmt":"2024-09-13T15:10:10","guid":{"rendered":"https:\/\/remenje.co.rs\/shop\/proizvod\/remenjeremenje-za-poljoprivredne-strojeveklinasti-kaisklasicno-klinasto-remenje-643\/"},"modified":"2025-01-14T22:07:24","modified_gmt":"2025-01-14T22:07:24","slug":"remenjeremenje-za-poljoprivredne-masineklinasti-kaisklasicno-klinasto-remenje-713","status":"publish","type":"product","link":"https:\/\/remenje.co.rs\/shop\/proizvod\/remenjeremenje-za-poljoprivredne-masineklinasti-kaisklasicno-klinasto-remenje-713\/","title":{"rendered":"Gates Klinasti remen 0202141"},"content":{"rendered":"<p>Osigurajte dugotrajnost va\u0161ih ma\u0161ina uz Gates Klinasti remen 0202141. Ovo izdr\u017eljivo remenje je dizajnirano za efikasan prenos velike snage u razli\u010ditim industrijskim aplikacijama. Izra\u0111eno od otpornih materijala, Gates Klinasti remen 0202141 pru\u017ea superiornu izdr\u017eljivost u zahtevnim radnim uslovima. Zahvaljuju\u0107i svom preciznoj izradi, ovo remenje pobolj\u0161ava efikasnost va\u0161ih ma\u0161ina i opreme. 4R694255A,089-000936-4.692,0114 5669,142566M1,1145699,0114 5699,8,90009E+11,1145669 Deutz-Fahr Topliner 8Xl 0202141,0202141,089-000936-4.692,0114 5669,142566M1,4R694255A,1145699,1145669,0114 5699,890009364692,Gates Klinasti remen 0202141,0202141,089-000936-4.692,0114 5669,142566M1,4R694255A,1145699,1145669,0114 5699,890009364692,0202141,Gates Klinasti remen 0202141,0202141<\/p>\n","protected":false},"excerpt":{"rendered":"<p>Osigurajte dugotrajnost va\u0161ih ma\u0161ina uz Gates Klinasti remen 0202141. Ovo izdr\u017eljivo remenje je dizajnirano za efikasan prenos velike snage u razli\u010ditim industrijskim aplikacijama. Izra\u0111eno od otpornih materijala, Gates Klinasti remen 0202141 pru\u017ea superiornu izdr\u017eljivost u zahtevnim radnim uslovima. Zahvaljuju\u0107i svom preciznoj izradi, ovo remenje pobolj\u0161ava efikasnost va\u0161ih ma\u0161ina i opreme. 4R694255A,089-000936-4.692,0114 5669,142566M1,1145699,0114 5699,8,90009E+11,1145669 Deutz-Fahr Topliner [&hellip;]<\/p>\n","protected":false},"featured_media":0,"template":"","meta":{"_acf_changed":false},"product_brand":[],"product_cat":[373,378,374,387],"product_tag":[],"class_list":{"0":"post-36174","1":"product","2":"type-product","3":"status-publish","5":"product_cat-remenje","6":"product_cat-klinasti-kais","7":"product_cat-remenje-za-poljoprivredne-masine","8":"product_cat-klasicno-klinasto-remenje","9":"ts_product_brand-gates","11":"first","12":"instock","13":"taxable","14":"shipping-taxable","15":"product-type-simple","16":"add-to-wishlist-after_add_to_cart"},"acf":[],"_links":{"self":[{"href":"https:\/\/remenje.co.rs\/shop\/wp-json\/wp\/v2\/product\/36174","targetHints":{"allow":["GET"]}}],"collection":[{"href":"https:\/\/remenje.co.rs\/shop\/wp-json\/wp\/v2\/product"}],"about":[{"href":"https:\/\/remenje.co.rs\/shop\/wp-json\/wp\/v2\/types\/product"}],"wp:attachment":[{"href":"https:\/\/remenje.co.rs\/shop\/wp-json\/wp\/v2\/media?parent=36174"}],"wp:term":[{"taxonomy":"product_brand","embeddable":true,"href":"https:\/\/remenje.co.rs\/shop\/wp-json\/wp\/v2\/product_brand?post=36174"},{"taxonomy":"product_cat","embeddable":true,"href":"https:\/\/remenje.co.rs\/shop\/wp-json\/wp\/v2\/product_cat?post=36174"},{"taxonomy":"product_tag","embeddable":true,"href":"https:\/\/remenje.co.rs\/shop\/wp-json\/wp\/v2\/product_tag?post=36174"}],"curies":[{"name":"wp","href":"https:\/\/api.w.org\/{rel}","templated":true}]}}