{"id":36199,"date":"2024-09-13T15:10:40","date_gmt":"2024-09-13T15:10:40","guid":{"rendered":"https:\/\/remenje.co.rs\/shop\/proizvod\/remenjeremenje-za-poljoprivredne-strojeveklinasti-kaisklasicno-klinasto-remenje-668\/"},"modified":"2025-01-30T08:40:45","modified_gmt":"2025-01-30T08:40:45","slug":"remenjeremenje-za-poljoprivredne-masineklinasti-kaisklasicno-klinasto-remenje-738","status":"publish","type":"product","link":"https:\/\/remenje.co.rs\/shop\/proizvod\/remenjeremenje-za-poljoprivredne-masineklinasti-kaisklasicno-klinasto-remenje-738\/","title":{"rendered":"Gates Klinasti remen 0203240"},"content":{"rendered":"<p>Pobolj\u0161ajte energetsku efikasnost va\u0161ih ma\u0161ina uz Gates Klinasti remen 0203240. Ovo specijalizovano remenje omogu\u0107ava optimalno smanjenje vibracija u svim radnim uslovima. Kreirano od visokootpornih materijala, Gates Klinasti remen 0203240 obezbe\u0111uje izuzetnu izdr\u017eljivost. Zahvaljuju\u0107i svom inovativnom V-dizajnu, ovo remenje osigurava tiho i efikasno funkcionisanje va\u0161ih industrijskih sistema. 32X19X3115LP,340433532,411216M1,Z66787 Semanatoarea Combina C 12 M,Semanatoarea Combina C 14 M,Semanatoarea Combina C 14 U,Semanatoarea Combina C 80,Semanatoarea Combina Cp 12 0203240,0203240,411216M1,32X19X3115LP,Z66787,340433532,0203240,Gates Klinasti remen 0203240,411216M1,32X19X3115LP,Z66787,340433532,0203240,Gates Klinasti remen 0203240,0203240<\/p>\n","protected":false},"excerpt":{"rendered":"<p>Pobolj\u0161ajte energetsku efikasnost va\u0161ih ma\u0161ina uz Gates Klinasti remen 0203240. Ovo specijalizovano remenje omogu\u0107ava optimalno smanjenje vibracija u svim radnim uslovima. Kreirano od visokootpornih materijala, Gates Klinasti remen 0203240 obezbe\u0111uje izuzetnu izdr\u017eljivost. Zahvaljuju\u0107i svom inovativnom V-dizajnu, ovo remenje osigurava tiho i efikasno funkcionisanje va\u0161ih industrijskih sistema. 32X19X3115LP,340433532,411216M1,Z66787 Semanatoarea Combina C 12 M,Semanatoarea Combina C 14 [&hellip;]<\/p>\n","protected":false},"featured_media":92096,"template":"","meta":{"_acf_changed":false},"product_brand":[],"product_cat":[373,378,374,387],"product_tag":[],"class_list":{"0":"post-36199","1":"product","2":"type-product","3":"status-publish","4":"has-post-thumbnail","6":"product_cat-remenje","7":"product_cat-klinasti-kais","8":"product_cat-remenje-za-poljoprivredne-masine","9":"product_cat-klasicno-klinasto-remenje","10":"ts_product_brand-gates","12":"first","13":"instock","14":"taxable","15":"shipping-taxable","16":"product-type-simple","17":"add-to-wishlist-after_add_to_cart"},"acf":[],"_links":{"self":[{"href":"https:\/\/remenje.co.rs\/shop\/wp-json\/wp\/v2\/product\/36199","targetHints":{"allow":["GET"]}}],"collection":[{"href":"https:\/\/remenje.co.rs\/shop\/wp-json\/wp\/v2\/product"}],"about":[{"href":"https:\/\/remenje.co.rs\/shop\/wp-json\/wp\/v2\/types\/product"}],"wp:featuredmedia":[{"embeddable":true,"href":"https:\/\/remenje.co.rs\/shop\/wp-json\/wp\/v2\/media\/92096"}],"wp:attachment":[{"href":"https:\/\/remenje.co.rs\/shop\/wp-json\/wp\/v2\/media?parent=36199"}],"wp:term":[{"taxonomy":"product_brand","embeddable":true,"href":"https:\/\/remenje.co.rs\/shop\/wp-json\/wp\/v2\/product_brand?post=36199"},{"taxonomy":"product_cat","embeddable":true,"href":"https:\/\/remenje.co.rs\/shop\/wp-json\/wp\/v2\/product_cat?post=36199"},{"taxonomy":"product_tag","embeddable":true,"href":"https:\/\/remenje.co.rs\/shop\/wp-json\/wp\/v2\/product_tag?post=36199"}],"curies":[{"name":"wp","href":"https:\/\/api.w.org\/{rel}","templated":true}]}}