{"id":36206,"date":"2024-09-13T15:10:46","date_gmt":"2024-09-13T15:10:46","guid":{"rendered":"https:\/\/remenje.co.rs\/shop\/proizvod\/remenjeremenje-za-poljoprivredne-strojeveklinasti-kaisklasicno-klinasto-remenje-675\/"},"modified":"2025-01-14T22:07:50","modified_gmt":"2025-01-14T22:07:50","slug":"remenjeremenje-za-poljoprivredne-masineklinasti-kaisklasicno-klinasto-remenje-745","status":"publish","type":"product","link":"https:\/\/remenje.co.rs\/shop\/proizvod\/remenjeremenje-za-poljoprivredne-masineklinasti-kaisklasicno-klinasto-remenje-745\/","title":{"rendered":"Gates Klinasti remen 0203300"},"content":{"rendered":"<p>Unapredite efikasnost prenosa va\u0161ih sistema uz Gates Klinasti remen 0203300. Ovo precizno izra\u0111eno remenje obezbe\u0111uje optimalan prenos velike snage u \u0161irokom spektru industrijskih primena. Proizvedeno od izdr\u017eljivih materijala, Gates Klinasti remen 0203300 garantuje dugotrajne performanse. Zbog svog optimizovanog V-profila, ovo remenje je klju\u010dno za odr\u017eavanje rada va\u0161ih industrijskih sistema. 653059.0,H77765 John Deere 6600 &#8211; 6600 Sidehill,John Deere 6620,John Deere 6622,John Deere 7700,John Deere 7720,John Deere 7721 0203300,0203300,653059.0,H77765,0203300,Gates Klinasti remen 0203300,653059.0,H77765,0203300,Gates Klinasti remen 0203300,0203300<\/p>\n","protected":false},"excerpt":{"rendered":"<p>Unapredite efikasnost prenosa va\u0161ih sistema uz Gates Klinasti remen 0203300. Ovo precizno izra\u0111eno remenje obezbe\u0111uje optimalan prenos velike snage u \u0161irokom spektru industrijskih primena. Proizvedeno od izdr\u017eljivih materijala, Gates Klinasti remen 0203300 garantuje dugotrajne performanse. Zbog svog optimizovanog V-profila, ovo remenje je klju\u010dno za odr\u017eavanje rada va\u0161ih industrijskih sistema. 653059.0,H77765 John Deere 6600 &#8211; 6600 [&hellip;]<\/p>\n","protected":false},"featured_media":0,"template":"","meta":{"_acf_changed":false},"product_brand":[],"product_cat":[373,378,374,387],"product_tag":[],"class_list":{"0":"post-36206","1":"product","2":"type-product","3":"status-publish","5":"product_cat-remenje","6":"product_cat-klinasti-kais","7":"product_cat-remenje-za-poljoprivredne-masine","8":"product_cat-klasicno-klinasto-remenje","9":"ts_product_brand-gates","11":"first","12":"instock","13":"taxable","14":"shipping-taxable","15":"product-type-simple","16":"add-to-wishlist-after_add_to_cart"},"acf":[],"_links":{"self":[{"href":"https:\/\/remenje.co.rs\/shop\/wp-json\/wp\/v2\/product\/36206","targetHints":{"allow":["GET"]}}],"collection":[{"href":"https:\/\/remenje.co.rs\/shop\/wp-json\/wp\/v2\/product"}],"about":[{"href":"https:\/\/remenje.co.rs\/shop\/wp-json\/wp\/v2\/types\/product"}],"wp:attachment":[{"href":"https:\/\/remenje.co.rs\/shop\/wp-json\/wp\/v2\/media?parent=36206"}],"wp:term":[{"taxonomy":"product_brand","embeddable":true,"href":"https:\/\/remenje.co.rs\/shop\/wp-json\/wp\/v2\/product_brand?post=36206"},{"taxonomy":"product_cat","embeddable":true,"href":"https:\/\/remenje.co.rs\/shop\/wp-json\/wp\/v2\/product_cat?post=36206"},{"taxonomy":"product_tag","embeddable":true,"href":"https:\/\/remenje.co.rs\/shop\/wp-json\/wp\/v2\/product_tag?post=36206"}],"curies":[{"name":"wp","href":"https:\/\/api.w.org\/{rel}","templated":true}]}}