{"id":36209,"date":"2024-09-13T15:10:50","date_gmt":"2024-09-13T15:10:50","guid":{"rendered":"https:\/\/remenje.co.rs\/shop\/proizvod\/remenjeremenje-za-poljoprivredne-strojeveklinasti-kaisklasicno-klinasto-remenje-678\/"},"modified":"2025-01-30T08:40:47","modified_gmt":"2025-01-30T08:40:47","slug":"remenjeremenje-za-poljoprivredne-masineklinasti-kaisklasicno-klinasto-remenje-748","status":"publish","type":"product","link":"https:\/\/remenje.co.rs\/shop\/proizvod\/remenjeremenje-za-poljoprivredne-masineklinasti-kaisklasicno-klinasto-remenje-748\/","title":{"rendered":"Gates Klinasti remen 0203328"},"content":{"rendered":"<p>Osigurajte pouzdan prenos snage va\u0161ih ma\u0161ina uz Gates Klinasti remen 0203328. Ovo izdr\u017eljivo remenje je dizajnirano za preciznu sinhronizaciju u razli\u010ditim industrijskim aplikacijama. Izra\u0111eno od naprednih materijala, Gates Klinasti remen 0203328 pru\u017ea visoku otpornost na habanje u zahtevnim radnim uslovima. Zahvaljuju\u0107i svom optimalnoj zateznoj \u010dvrsto\u0107i, ovo remenje osigurava pouzdano funkcionisanje va\u0161ih ma\u0161ina i opreme. 633728R2,3157094R1,Z39312,Z25670 Case Intl. Harvester 815,Case Intl. Harvester 915 0203328,0203328,Z25670,633728R2,Z39312,3157094R1,0203328,Gates Klinasti remen 0203328,Z25670,633728R2,Z39312,3157094R1,0203328,Gates Klinasti remen 0203328,0203328<\/p>\n","protected":false},"excerpt":{"rendered":"<p>Osigurajte pouzdan prenos snage va\u0161ih ma\u0161ina uz Gates Klinasti remen 0203328. Ovo izdr\u017eljivo remenje je dizajnirano za preciznu sinhronizaciju u razli\u010ditim industrijskim aplikacijama. Izra\u0111eno od naprednih materijala, Gates Klinasti remen 0203328 pru\u017ea visoku otpornost na habanje u zahtevnim radnim uslovima. Zahvaljuju\u0107i svom optimalnoj zateznoj \u010dvrsto\u0107i, ovo remenje osigurava pouzdano funkcionisanje va\u0161ih ma\u0161ina i opreme. 633728R2,3157094R1,Z39312,Z25670 [&hellip;]<\/p>\n","protected":false},"featured_media":92080,"template":"","meta":{"_acf_changed":false},"product_brand":[],"product_cat":[373,378,374,387],"product_tag":[],"class_list":{"0":"post-36209","1":"product","2":"type-product","3":"status-publish","4":"has-post-thumbnail","6":"product_cat-remenje","7":"product_cat-klinasti-kais","8":"product_cat-remenje-za-poljoprivredne-masine","9":"product_cat-klasicno-klinasto-remenje","10":"ts_product_brand-gates","12":"first","13":"instock","14":"taxable","15":"shipping-taxable","16":"product-type-simple","17":"add-to-wishlist-after_add_to_cart"},"acf":[],"_links":{"self":[{"href":"https:\/\/remenje.co.rs\/shop\/wp-json\/wp\/v2\/product\/36209","targetHints":{"allow":["GET"]}}],"collection":[{"href":"https:\/\/remenje.co.rs\/shop\/wp-json\/wp\/v2\/product"}],"about":[{"href":"https:\/\/remenje.co.rs\/shop\/wp-json\/wp\/v2\/types\/product"}],"wp:featuredmedia":[{"embeddable":true,"href":"https:\/\/remenje.co.rs\/shop\/wp-json\/wp\/v2\/media\/92080"}],"wp:attachment":[{"href":"https:\/\/remenje.co.rs\/shop\/wp-json\/wp\/v2\/media?parent=36209"}],"wp:term":[{"taxonomy":"product_brand","embeddable":true,"href":"https:\/\/remenje.co.rs\/shop\/wp-json\/wp\/v2\/product_brand?post=36209"},{"taxonomy":"product_cat","embeddable":true,"href":"https:\/\/remenje.co.rs\/shop\/wp-json\/wp\/v2\/product_cat?post=36209"},{"taxonomy":"product_tag","embeddable":true,"href":"https:\/\/remenje.co.rs\/shop\/wp-json\/wp\/v2\/product_tag?post=36209"}],"curies":[{"name":"wp","href":"https:\/\/api.w.org\/{rel}","templated":true}]}}