{"id":36217,"date":"2024-09-13T15:10:56","date_gmt":"2024-09-13T15:10:56","guid":{"rendered":"https:\/\/remenje.co.rs\/shop\/proizvod\/remenjeremenje-za-poljoprivredne-strojeveklinasti-kaisklasicno-klinasto-remenje-686\/"},"modified":"2025-01-30T08:40:48","modified_gmt":"2025-01-30T08:40:48","slug":"remenjeremenje-za-poljoprivredne-masineklinasti-kaisklasicno-klinasto-remenje-756","status":"publish","type":"product","link":"https:\/\/remenje.co.rs\/shop\/proizvod\/remenjeremenje-za-poljoprivredne-masineklinasti-kaisklasicno-klinasto-remenje-756\/","title":{"rendered":"Gates Klinasti remen 0203245"},"content":{"rendered":"<p>Unapredite ukupne performanse va\u0161ih sistema uz Gates Klinasti remen 0203245. Ovo visokotehnolo\u0161ko remenje obezbe\u0111uje efikasnu sinhronizaciju komponenti u \u0161irokom spektru industrijskih primena. Proizvedeno od vrhunskih materijala, Gates Klinasti remen 0203245 garantuje pouzdanost u ekstremnim uslovima. Zbog svog visoke otpornosti na kidanje, ovo remenje je idealno za odr\u017eavanje rada va\u0161ih industrijskih sistema. 41993100,083-032-3224,D-41993100,0621 5205,Z58751,6215205,830323224 0203245,0203245,830323224,41993100,6215205,0621 5205,D-41993100,083-032-3224,Z58751,0203245,Gates Klinasti remen 0203245,830323224,41993100,6215205,0621 5205,D-41993100,083-032-3224,Z58751,0203245,Gates Klinasti remen 0203245,0203245<\/p>\n","protected":false},"excerpt":{"rendered":"<p>Unapredite ukupne performanse va\u0161ih sistema uz Gates Klinasti remen 0203245. Ovo visokotehnolo\u0161ko remenje obezbe\u0111uje efikasnu sinhronizaciju komponenti u \u0161irokom spektru industrijskih primena. Proizvedeno od vrhunskih materijala, Gates Klinasti remen 0203245 garantuje pouzdanost u ekstremnim uslovima. Zbog svog visoke otpornosti na kidanje, ovo remenje je idealno za odr\u017eavanje rada va\u0161ih industrijskih sistema. 41993100,083-032-3224,D-41993100,0621 5205,Z58751,6215205,830323224 0203245,0203245,830323224,41993100,6215205,0621 5205,D-41993100,083-032-3224,Z58751,0203245,Gates [&hellip;]<\/p>\n","protected":false},"featured_media":92074,"template":"","meta":{"_acf_changed":false},"product_brand":[],"product_cat":[373,378,374,387],"product_tag":[],"class_list":{"0":"post-36217","1":"product","2":"type-product","3":"status-publish","4":"has-post-thumbnail","6":"product_cat-remenje","7":"product_cat-klinasti-kais","8":"product_cat-remenje-za-poljoprivredne-masine","9":"product_cat-klasicno-klinasto-remenje","10":"ts_product_brand-gates","12":"first","13":"instock","14":"taxable","15":"shipping-taxable","16":"product-type-simple","17":"add-to-wishlist-after_add_to_cart"},"acf":[],"_links":{"self":[{"href":"https:\/\/remenje.co.rs\/shop\/wp-json\/wp\/v2\/product\/36217","targetHints":{"allow":["GET"]}}],"collection":[{"href":"https:\/\/remenje.co.rs\/shop\/wp-json\/wp\/v2\/product"}],"about":[{"href":"https:\/\/remenje.co.rs\/shop\/wp-json\/wp\/v2\/types\/product"}],"wp:featuredmedia":[{"embeddable":true,"href":"https:\/\/remenje.co.rs\/shop\/wp-json\/wp\/v2\/media\/92074"}],"wp:attachment":[{"href":"https:\/\/remenje.co.rs\/shop\/wp-json\/wp\/v2\/media?parent=36217"}],"wp:term":[{"taxonomy":"product_brand","embeddable":true,"href":"https:\/\/remenje.co.rs\/shop\/wp-json\/wp\/v2\/product_brand?post=36217"},{"taxonomy":"product_cat","embeddable":true,"href":"https:\/\/remenje.co.rs\/shop\/wp-json\/wp\/v2\/product_cat?post=36217"},{"taxonomy":"product_tag","embeddable":true,"href":"https:\/\/remenje.co.rs\/shop\/wp-json\/wp\/v2\/product_tag?post=36217"}],"curies":[{"name":"wp","href":"https:\/\/api.w.org\/{rel}","templated":true}]}}