{"id":36218,"date":"2024-09-13T15:11:00","date_gmt":"2024-09-13T15:11:00","guid":{"rendered":"https:\/\/remenje.co.rs\/shop\/proizvod\/remenjeremenje-za-poljoprivredne-strojeveklinasti-kaisklasicno-klinasto-remenje-687\/"},"modified":"2025-01-30T08:40:48","modified_gmt":"2025-01-30T08:40:48","slug":"remenjeremenje-za-poljoprivredne-masineklinasti-kaisklasicno-klinasto-remenje-757","status":"publish","type":"product","link":"https:\/\/remenje.co.rs\/shop\/proizvod\/remenjeremenje-za-poljoprivredne-masineklinasti-kaisklasicno-klinasto-remenje-757\/","title":{"rendered":"Gates Klinasti remen 0104242"},"content":{"rendered":"<p>Pobolj\u0161ajte pouzdanost opreme va\u0161ih ma\u0161ina uz Gates Klinasti remen 0104242. Ovo visokoperformansno remenje omogu\u0107ava precizan prenos velike snage u svim radnim uslovima. Kreirano od naprednih kompozitnih materijala, Gates Klinasti remen 0104242 obezbe\u0111uje superiornu fleksibilnost. Zahvaljuju\u0107i svom inovativnom V-dizajnu, ovo remenje pobolj\u0161ava performanse va\u0161ih industrijskih sistema. 583824M1,340433988 0104242,0104242,583824M1,340433988,0104242,Gates Klinasti remen 0104242,583824M1,340433988,0104242,Gates Klinasti remen 0104242,0104242<\/p>\n","protected":false},"excerpt":{"rendered":"<p>Pobolj\u0161ajte pouzdanost opreme va\u0161ih ma\u0161ina uz Gates Klinasti remen 0104242. Ovo visokoperformansno remenje omogu\u0107ava precizan prenos velike snage u svim radnim uslovima. Kreirano od naprednih kompozitnih materijala, Gates Klinasti remen 0104242 obezbe\u0111uje superiornu fleksibilnost. Zahvaljuju\u0107i svom inovativnom V-dizajnu, ovo remenje pobolj\u0161ava performanse va\u0161ih industrijskih sistema. 583824M1,340433988 0104242,0104242,583824M1,340433988,0104242,Gates Klinasti remen 0104242,583824M1,340433988,0104242,Gates Klinasti remen 0104242,0104242<\/p>\n","protected":false},"featured_media":92100,"template":"","meta":{"_acf_changed":false},"product_brand":[],"product_cat":[373,378,374,387],"product_tag":[],"class_list":{"0":"post-36218","1":"product","2":"type-product","3":"status-publish","4":"has-post-thumbnail","6":"product_cat-remenje","7":"product_cat-klinasti-kais","8":"product_cat-remenje-za-poljoprivredne-masine","9":"product_cat-klasicno-klinasto-remenje","10":"ts_product_brand-gates","12":"first","13":"instock","14":"taxable","15":"shipping-taxable","16":"product-type-simple","17":"add-to-wishlist-after_add_to_cart"},"acf":[],"_links":{"self":[{"href":"https:\/\/remenje.co.rs\/shop\/wp-json\/wp\/v2\/product\/36218","targetHints":{"allow":["GET"]}}],"collection":[{"href":"https:\/\/remenje.co.rs\/shop\/wp-json\/wp\/v2\/product"}],"about":[{"href":"https:\/\/remenje.co.rs\/shop\/wp-json\/wp\/v2\/types\/product"}],"wp:featuredmedia":[{"embeddable":true,"href":"https:\/\/remenje.co.rs\/shop\/wp-json\/wp\/v2\/media\/92100"}],"wp:attachment":[{"href":"https:\/\/remenje.co.rs\/shop\/wp-json\/wp\/v2\/media?parent=36218"}],"wp:term":[{"taxonomy":"product_brand","embeddable":true,"href":"https:\/\/remenje.co.rs\/shop\/wp-json\/wp\/v2\/product_brand?post=36218"},{"taxonomy":"product_cat","embeddable":true,"href":"https:\/\/remenje.co.rs\/shop\/wp-json\/wp\/v2\/product_cat?post=36218"},{"taxonomy":"product_tag","embeddable":true,"href":"https:\/\/remenje.co.rs\/shop\/wp-json\/wp\/v2\/product_tag?post=36218"}],"curies":[{"name":"wp","href":"https:\/\/api.w.org\/{rel}","templated":true}]}}