{"id":36220,"date":"2024-09-13T15:11:01","date_gmt":"2024-09-13T15:11:01","guid":{"rendered":"https:\/\/remenje.co.rs\/shop\/proizvod\/remenjeremenje-za-poljoprivredne-strojeveklinasti-kaisklasicno-klinasto-remenje-689\/"},"modified":"2025-01-14T22:08:01","modified_gmt":"2025-01-14T22:08:01","slug":"remenjeremenje-za-poljoprivredne-masineklinasti-kaisklasicno-klinasto-remenje-759","status":"publish","type":"product","link":"https:\/\/remenje.co.rs\/shop\/proizvod\/remenjeremenje-za-poljoprivredne-masineklinasti-kaisklasicno-klinasto-remenje-759\/","title":{"rendered":"Gates Klinasti remen 0104278"},"content":{"rendered":"<p>Osigurajte dugotrajnost va\u0161ih ma\u0161ina uz Gates Klinasti remen 0104278. Ovo visokokvalitetno remenje je dizajnirano za smanjenje proklizavanja u razli\u010ditim industrijskim aplikacijama. Izra\u0111eno od naprednih materijala, Gates Klinasti remen 0104278 pru\u017ea superiornu izdr\u017eljivost u zahtevnim radnim uslovima. Zahvaljuju\u0107i svom preciznoj izradi, ovo remenje pobolj\u0161ava efikasnost va\u0161ih ma\u0161ina i opreme. 84790356,53001669K,648480M1 New Holland Cs 640,New Holland Cs 660,New Holland Cs 6070,New Holland Cs 6080,New Holland Cs 6090,New Holland Csx 7080 0104278,0104278,53001669K,648480M1,84790356,0104278,Gates Klinasti remen 0104278,53001669K,648480M1,84790356,0104278,Gates Klinasti remen 0104278,0104278<\/p>\n","protected":false},"excerpt":{"rendered":"<p>Osigurajte dugotrajnost va\u0161ih ma\u0161ina uz Gates Klinasti remen 0104278. Ovo visokokvalitetno remenje je dizajnirano za smanjenje proklizavanja u razli\u010ditim industrijskim aplikacijama. Izra\u0111eno od naprednih materijala, Gates Klinasti remen 0104278 pru\u017ea superiornu izdr\u017eljivost u zahtevnim radnim uslovima. Zahvaljuju\u0107i svom preciznoj izradi, ovo remenje pobolj\u0161ava efikasnost va\u0161ih ma\u0161ina i opreme. 84790356,53001669K,648480M1 New Holland Cs 640,New Holland Cs [&hellip;]<\/p>\n","protected":false},"featured_media":0,"template":"","meta":{"_acf_changed":false},"product_brand":[],"product_cat":[373,378,374,387],"product_tag":[],"class_list":{"0":"post-36220","1":"product","2":"type-product","3":"status-publish","5":"product_cat-remenje","6":"product_cat-klinasti-kais","7":"product_cat-remenje-za-poljoprivredne-masine","8":"product_cat-klasicno-klinasto-remenje","9":"ts_product_brand-gates","11":"first","12":"instock","13":"taxable","14":"shipping-taxable","15":"product-type-simple","16":"add-to-wishlist-after_add_to_cart"},"acf":[],"_links":{"self":[{"href":"https:\/\/remenje.co.rs\/shop\/wp-json\/wp\/v2\/product\/36220","targetHints":{"allow":["GET"]}}],"collection":[{"href":"https:\/\/remenje.co.rs\/shop\/wp-json\/wp\/v2\/product"}],"about":[{"href":"https:\/\/remenje.co.rs\/shop\/wp-json\/wp\/v2\/types\/product"}],"wp:attachment":[{"href":"https:\/\/remenje.co.rs\/shop\/wp-json\/wp\/v2\/media?parent=36220"}],"wp:term":[{"taxonomy":"product_brand","embeddable":true,"href":"https:\/\/remenje.co.rs\/shop\/wp-json\/wp\/v2\/product_brand?post=36220"},{"taxonomy":"product_cat","embeddable":true,"href":"https:\/\/remenje.co.rs\/shop\/wp-json\/wp\/v2\/product_cat?post=36220"},{"taxonomy":"product_tag","embeddable":true,"href":"https:\/\/remenje.co.rs\/shop\/wp-json\/wp\/v2\/product_tag?post=36220"}],"curies":[{"name":"wp","href":"https:\/\/api.w.org\/{rel}","templated":true}]}}