{"id":36225,"date":"2024-09-13T15:11:05","date_gmt":"2024-09-13T15:11:05","guid":{"rendered":"https:\/\/remenje.co.rs\/shop\/proizvod\/remenjeremenje-za-poljoprivredne-strojeveklinasti-kaisklasicno-klinasto-remenje-694\/"},"modified":"2025-01-14T22:08:06","modified_gmt":"2025-01-14T22:08:06","slug":"remenjeremenje-za-poljoprivredne-masineklinasti-kaisklasicno-klinasto-remenje-764","status":"publish","type":"product","link":"https:\/\/remenje.co.rs\/shop\/proizvod\/remenjeremenje-za-poljoprivredne-masineklinasti-kaisklasicno-klinasto-remenje-764\/","title":{"rendered":"Gates Klinasti remen 0104237"},"content":{"rendered":"<p>Osigurajte optimalne performanse va\u0161ih ma\u0161ina uz Gates Klinasti remen 0104237. Ovo fleksibilno remenje je dizajnirano za efikasan prenos velike snage u razli\u010ditim industrijskim aplikacijama. Izra\u0111eno od naprednih materijala, Gates Klinasti remen 0104237 pru\u017ea optimalnu fleksibilnost u zahtevnim radnim uslovima. Zahvaljuju\u0107i svom optimalnoj zateznoj \u010dvrsto\u0107i, ovo remenje pobolj\u0161ava efikasnost va\u0161ih ma\u0161ina i opreme. D-41972200,41972200,D-41972300,41972300 Dronningborg D 4000 &#8211; D 4000 S (F35833) 0104237,0104237,41972300,D-41972200,D-41972300,41972200,0104237,Gates Klinasti remen 0104237,41972300,D-41972200,D-41972300,41972200,0104237,Gates Klinasti remen 0104237,0104237<\/p>\n","protected":false},"excerpt":{"rendered":"<p>Osigurajte optimalne performanse va\u0161ih ma\u0161ina uz Gates Klinasti remen 0104237. Ovo fleksibilno remenje je dizajnirano za efikasan prenos velike snage u razli\u010ditim industrijskim aplikacijama. Izra\u0111eno od naprednih materijala, Gates Klinasti remen 0104237 pru\u017ea optimalnu fleksibilnost u zahtevnim radnim uslovima. Zahvaljuju\u0107i svom optimalnoj zateznoj \u010dvrsto\u0107i, ovo remenje pobolj\u0161ava efikasnost va\u0161ih ma\u0161ina i opreme. D-41972200,41972200,D-41972300,41972300 Dronningborg D [&hellip;]<\/p>\n","protected":false},"featured_media":0,"template":"","meta":{"_acf_changed":false},"product_brand":[],"product_cat":[373,378,374,387],"product_tag":[],"class_list":{"0":"post-36225","1":"product","2":"type-product","3":"status-publish","5":"product_cat-remenje","6":"product_cat-klinasti-kais","7":"product_cat-remenje-za-poljoprivredne-masine","8":"product_cat-klasicno-klinasto-remenje","9":"ts_product_brand-gates","11":"first","12":"instock","13":"taxable","14":"shipping-taxable","15":"product-type-simple","16":"add-to-wishlist-after_add_to_cart"},"acf":[],"_links":{"self":[{"href":"https:\/\/remenje.co.rs\/shop\/wp-json\/wp\/v2\/product\/36225","targetHints":{"allow":["GET"]}}],"collection":[{"href":"https:\/\/remenje.co.rs\/shop\/wp-json\/wp\/v2\/product"}],"about":[{"href":"https:\/\/remenje.co.rs\/shop\/wp-json\/wp\/v2\/types\/product"}],"wp:attachment":[{"href":"https:\/\/remenje.co.rs\/shop\/wp-json\/wp\/v2\/media?parent=36225"}],"wp:term":[{"taxonomy":"product_brand","embeddable":true,"href":"https:\/\/remenje.co.rs\/shop\/wp-json\/wp\/v2\/product_brand?post=36225"},{"taxonomy":"product_cat","embeddable":true,"href":"https:\/\/remenje.co.rs\/shop\/wp-json\/wp\/v2\/product_cat?post=36225"},{"taxonomy":"product_tag","embeddable":true,"href":"https:\/\/remenje.co.rs\/shop\/wp-json\/wp\/v2\/product_tag?post=36225"}],"curies":[{"name":"wp","href":"https:\/\/api.w.org\/{rel}","templated":true}]}}