{"id":36248,"date":"2024-09-13T15:11:31","date_gmt":"2024-09-13T15:11:31","guid":{"rendered":"https:\/\/remenje.co.rs\/shop\/proizvod\/remenjeremenje-za-poljoprivredne-strojeveklinasti-kaisklasicno-klinasto-remenje-717\/"},"modified":"2025-01-14T22:08:23","modified_gmt":"2025-01-14T22:08:23","slug":"remenjeremenje-za-poljoprivredne-masineklinasti-kaisklasicno-klinasto-remenje-787","status":"publish","type":"product","link":"https:\/\/remenje.co.rs\/shop\/proizvod\/remenjeremenje-za-poljoprivredne-masineklinasti-kaisklasicno-klinasto-remenje-787\/","title":{"rendered":"Gates Klinasti remen 0105408"},"content":{"rendered":"<p>Unapredite ukupne performanse va\u0161ih sistema uz Gates Klinasti remen 0105408. Ovo napredeno remenje obezbe\u0111uje smanjenje gubitaka energije u \u0161irokom spektru industrijskih primena. Proizvedeno od vrhunskih materijala, Gates Klinasti remen 0105408 garantuje dugotrajne performanse. Zbog svog optimizovanog V-profila, ovo remenje je neophodno za optimizaciju rada va\u0161ih industrijskih sistema. 41990100,D-41990300,D-41990100,41990300 0105408,0105408,D-41990100,D-41990300,41990100,41990300,0105408,Gates Klinasti remen 0105408,D-41990100,D-41990300,41990100,41990300,0105408,Gates Klinasti remen 0105408,0105408<\/p>\n","protected":false},"excerpt":{"rendered":"<p>Unapredite ukupne performanse va\u0161ih sistema uz Gates Klinasti remen 0105408. Ovo napredeno remenje obezbe\u0111uje smanjenje gubitaka energije u \u0161irokom spektru industrijskih primena. Proizvedeno od vrhunskih materijala, Gates Klinasti remen 0105408 garantuje dugotrajne performanse. Zbog svog optimizovanog V-profila, ovo remenje je neophodno za optimizaciju rada va\u0161ih industrijskih sistema. 41990100,D-41990300,D-41990100,41990300 0105408,0105408,D-41990100,D-41990300,41990100,41990300,0105408,Gates Klinasti remen 0105408,D-41990100,D-41990300,41990100,41990300,0105408,Gates Klinasti remen 0105408,0105408<\/p>\n","protected":false},"featured_media":0,"template":"","meta":{"_acf_changed":false},"product_brand":[],"product_cat":[373,378,374,387],"product_tag":[],"class_list":{"0":"post-36248","1":"product","2":"type-product","3":"status-publish","5":"product_cat-remenje","6":"product_cat-klinasti-kais","7":"product_cat-remenje-za-poljoprivredne-masine","8":"product_cat-klasicno-klinasto-remenje","9":"ts_product_brand-gates","11":"first","12":"instock","13":"taxable","14":"shipping-taxable","15":"product-type-simple","16":"add-to-wishlist-after_add_to_cart"},"acf":[],"_links":{"self":[{"href":"https:\/\/remenje.co.rs\/shop\/wp-json\/wp\/v2\/product\/36248","targetHints":{"allow":["GET"]}}],"collection":[{"href":"https:\/\/remenje.co.rs\/shop\/wp-json\/wp\/v2\/product"}],"about":[{"href":"https:\/\/remenje.co.rs\/shop\/wp-json\/wp\/v2\/types\/product"}],"wp:attachment":[{"href":"https:\/\/remenje.co.rs\/shop\/wp-json\/wp\/v2\/media?parent=36248"}],"wp:term":[{"taxonomy":"product_brand","embeddable":true,"href":"https:\/\/remenje.co.rs\/shop\/wp-json\/wp\/v2\/product_brand?post=36248"},{"taxonomy":"product_cat","embeddable":true,"href":"https:\/\/remenje.co.rs\/shop\/wp-json\/wp\/v2\/product_cat?post=36248"},{"taxonomy":"product_tag","embeddable":true,"href":"https:\/\/remenje.co.rs\/shop\/wp-json\/wp\/v2\/product_tag?post=36248"}],"curies":[{"name":"wp","href":"https:\/\/api.w.org\/{rel}","templated":true}]}}