{"id":36256,"date":"2024-09-13T15:11:37","date_gmt":"2024-09-13T15:11:37","guid":{"rendered":"https:\/\/remenje.co.rs\/shop\/proizvod\/remenjeremenje-za-poljoprivredne-strojeveklinasti-kaisklasicno-klinasto-remenje-725\/"},"modified":"2025-01-30T08:40:49","modified_gmt":"2025-01-30T08:40:49","slug":"remenjeremenje-za-poljoprivredne-masineklinasti-kaisklasicno-klinasto-remenje-795","status":"publish","type":"product","link":"https:\/\/remenje.co.rs\/shop\/proizvod\/remenjeremenje-za-poljoprivredne-masineklinasti-kaisklasicno-klinasto-remenje-795\/","title":{"rendered":"Gates Klinasti remen 0203194"},"content":{"rendered":"<p>Osigurajte dugotrajnost va\u0161ih ma\u0161ina uz Gates Klinasti remen 0203194. Ovo fleksibilno remenje je dizajnirano za preciznu sinhronizaciju u razli\u010ditim industrijskim aplikacijama. Izra\u0111eno od premium materijala, Gates Klinasti remen 0203194 pru\u017ea visoku otpornost na habanje u zahtevnim radnim uslovima. Zahvaljuju\u0107i svom preciznoj izradi, ovo remenje produ\u017eava radni vek va\u0161ih ma\u0161ina i opreme. Z62213,543394R2,Z52909 John Deere 2054 &#8211; 2056 &#8211; 2058,John Deere 2064 &#8211; 2066 0203194,0203194,543394R2,Z62213,Z52909,0203194,Gates Klinasti remen 0203194,543394R2,Z62213,Z52909,0203194,Gates Klinasti remen 0203194,0203194<\/p>\n","protected":false},"excerpt":{"rendered":"<p>Osigurajte dugotrajnost va\u0161ih ma\u0161ina uz Gates Klinasti remen 0203194. Ovo fleksibilno remenje je dizajnirano za preciznu sinhronizaciju u razli\u010ditim industrijskim aplikacijama. Izra\u0111eno od premium materijala, Gates Klinasti remen 0203194 pru\u017ea visoku otpornost na habanje u zahtevnim radnim uslovima. Zahvaljuju\u0107i svom preciznoj izradi, ovo remenje produ\u017eava radni vek va\u0161ih ma\u0161ina i opreme. Z62213,543394R2,Z52909 John Deere 2054 [&hellip;]<\/p>\n","protected":false},"featured_media":92098,"template":"","meta":{"_acf_changed":false},"product_brand":[],"product_cat":[373,378,374,387],"product_tag":[],"class_list":{"0":"post-36256","1":"product","2":"type-product","3":"status-publish","4":"has-post-thumbnail","6":"product_cat-remenje","7":"product_cat-klinasti-kais","8":"product_cat-remenje-za-poljoprivredne-masine","9":"product_cat-klasicno-klinasto-remenje","10":"ts_product_brand-gates","12":"first","13":"instock","14":"taxable","15":"shipping-taxable","16":"product-type-simple","17":"add-to-wishlist-after_add_to_cart"},"acf":[],"_links":{"self":[{"href":"https:\/\/remenje.co.rs\/shop\/wp-json\/wp\/v2\/product\/36256","targetHints":{"allow":["GET"]}}],"collection":[{"href":"https:\/\/remenje.co.rs\/shop\/wp-json\/wp\/v2\/product"}],"about":[{"href":"https:\/\/remenje.co.rs\/shop\/wp-json\/wp\/v2\/types\/product"}],"wp:featuredmedia":[{"embeddable":true,"href":"https:\/\/remenje.co.rs\/shop\/wp-json\/wp\/v2\/media\/92098"}],"wp:attachment":[{"href":"https:\/\/remenje.co.rs\/shop\/wp-json\/wp\/v2\/media?parent=36256"}],"wp:term":[{"taxonomy":"product_brand","embeddable":true,"href":"https:\/\/remenje.co.rs\/shop\/wp-json\/wp\/v2\/product_brand?post=36256"},{"taxonomy":"product_cat","embeddable":true,"href":"https:\/\/remenje.co.rs\/shop\/wp-json\/wp\/v2\/product_cat?post=36256"},{"taxonomy":"product_tag","embeddable":true,"href":"https:\/\/remenje.co.rs\/shop\/wp-json\/wp\/v2\/product_tag?post=36256"}],"curies":[{"name":"wp","href":"https:\/\/api.w.org\/{rel}","templated":true}]}}