{"id":36259,"date":"2024-09-13T15:11:41","date_gmt":"2024-09-13T15:11:41","guid":{"rendered":"https:\/\/remenje.co.rs\/shop\/proizvod\/remenjeremenje-za-poljoprivredne-strojeveklinasti-kaisklasicno-klinasto-remenje-728\/"},"modified":"2025-01-30T08:40:53","modified_gmt":"2025-01-30T08:40:53","slug":"remenjeremenje-za-poljoprivredne-masineklinasti-kaisklasicno-klinasto-remenje-798","status":"publish","type":"product","link":"https:\/\/remenje.co.rs\/shop\/proizvod\/remenjeremenje-za-poljoprivredne-masineklinasti-kaisklasicno-klinasto-remenje-798\/","title":{"rendered":"Gates Klinasti remen 0203238"},"content":{"rendered":"<p>Osigurajte dugotrajnost va\u0161ih ma\u0161ina uz Gates Klinasti remen 0203238. Ovo fleksibilno remenje je dizajnirano za preciznu sinhronizaciju u razli\u010ditim industrijskim aplikacijama. Izra\u0111eno od naprednih materijala, Gates Klinasti remen 0203238 pru\u017ea optimalnu fleksibilnost u zahtevnim radnim uslovima. Zahvaljuju\u0107i svom preciznoj izradi, ovo remenje osigurava pouzdano funkcionisanje va\u0161ih ma\u0161ina i opreme. 1410462R1,Z54807 John Deere 2054 &#8211; 2056 &#8211; 2058,John Deere 2064 &#8211; 2066,John Deere 2254 &#8211; 2256 &#8211; 2258,John Deere 2264 &#8211; 2266 0203238,0203238,Z54807,1410462R1,0203238,Gates Klinasti remen 0203238,Z54807,1410462R1,0203238,Gates Klinasti remen 0203238,0203238<\/p>\n","protected":false},"excerpt":{"rendered":"<p>Osigurajte dugotrajnost va\u0161ih ma\u0161ina uz Gates Klinasti remen 0203238. Ovo fleksibilno remenje je dizajnirano za preciznu sinhronizaciju u razli\u010ditim industrijskim aplikacijama. Izra\u0111eno od naprednih materijala, Gates Klinasti remen 0203238 pru\u017ea optimalnu fleksibilnost u zahtevnim radnim uslovima. Zahvaljuju\u0107i svom preciznoj izradi, ovo remenje osigurava pouzdano funkcionisanje va\u0161ih ma\u0161ina i opreme. 1410462R1,Z54807 John Deere 2054 &#8211; 2056 [&hellip;]<\/p>\n","protected":false},"featured_media":92065,"template":"","meta":{"_acf_changed":false},"product_brand":[],"product_cat":[373,378,374,387],"product_tag":[],"class_list":{"0":"post-36259","1":"product","2":"type-product","3":"status-publish","4":"has-post-thumbnail","6":"product_cat-remenje","7":"product_cat-klinasti-kais","8":"product_cat-remenje-za-poljoprivredne-masine","9":"product_cat-klasicno-klinasto-remenje","10":"ts_product_brand-gates","12":"first","13":"instock","14":"taxable","15":"shipping-taxable","16":"product-type-simple","17":"add-to-wishlist-after_add_to_cart"},"acf":[],"_links":{"self":[{"href":"https:\/\/remenje.co.rs\/shop\/wp-json\/wp\/v2\/product\/36259","targetHints":{"allow":["GET"]}}],"collection":[{"href":"https:\/\/remenje.co.rs\/shop\/wp-json\/wp\/v2\/product"}],"about":[{"href":"https:\/\/remenje.co.rs\/shop\/wp-json\/wp\/v2\/types\/product"}],"wp:featuredmedia":[{"embeddable":true,"href":"https:\/\/remenje.co.rs\/shop\/wp-json\/wp\/v2\/media\/92065"}],"wp:attachment":[{"href":"https:\/\/remenje.co.rs\/shop\/wp-json\/wp\/v2\/media?parent=36259"}],"wp:term":[{"taxonomy":"product_brand","embeddable":true,"href":"https:\/\/remenje.co.rs\/shop\/wp-json\/wp\/v2\/product_brand?post=36259"},{"taxonomy":"product_cat","embeddable":true,"href":"https:\/\/remenje.co.rs\/shop\/wp-json\/wp\/v2\/product_cat?post=36259"},{"taxonomy":"product_tag","embeddable":true,"href":"https:\/\/remenje.co.rs\/shop\/wp-json\/wp\/v2\/product_tag?post=36259"}],"curies":[{"name":"wp","href":"https:\/\/api.w.org\/{rel}","templated":true}]}}