{"id":36277,"date":"2024-09-13T15:11:57","date_gmt":"2024-09-13T15:11:57","guid":{"rendered":"https:\/\/remenje.co.rs\/shop\/proizvod\/remenjeremenje-za-poljoprivredne-strojeveklinasti-kaisklasicno-klinasto-remenje-746\/"},"modified":"2025-01-30T08:40:55","modified_gmt":"2025-01-30T08:40:55","slug":"remenjeremenje-za-poljoprivredne-masineklinasti-kaisklasicno-klinasto-remenje-816","status":"publish","type":"product","link":"https:\/\/remenje.co.rs\/shop\/proizvod\/remenjeremenje-za-poljoprivredne-masineklinasti-kaisklasicno-klinasto-remenje-816\/","title":{"rendered":"Gates Klinasti remen 0203267"},"content":{"rendered":"<p>Osigurajte optimalne performanse va\u0161ih ma\u0161ina uz Gates Klinasti remen 0203267. Ovo fleksibilno remenje je dizajnirano za preciznu sinhronizaciju u razli\u010ditim industrijskim aplikacijama. Izra\u0111eno od premium materijala, Gates Klinasti remen 0203267 pru\u017ea superiornu izdr\u017eljivost u zahtevnim radnim uslovima. Zahvaljuju\u0107i svom jedinstvenom profilu, ovo remenje pobolj\u0161ava efikasnost va\u0161ih ma\u0161ina i opreme. Z27710,Z21501 Case Intl. Harvester 730,Case Intl. Harvester 730,John Deere 530 &#8211; 630,John Deere 730,John Deere 730,John Deere 930 &#8211; 940,John Deere 950 &#8211; 960 &#8211; 970,John Deere 952,John Deere 955,John Deere 965 &#8211; 965 Hydro &#8211; 968 Hydro,John Deere 975 &#8211; 975 Hydro 4,John Deere 1032 &#8211; 1042 &#8211; 1052,John Deere 1055,John Deere 1065 &#8211; 1068 Hydro (\u201a\u00c4\u00b6-041200),John Deere 1065 &#8211; 1068 Hydro (041201-&#8230;),John Deere 1068,John Deere 1072 &#8211; 1075 &#8211; 1075 Hydro 4,John Deere 1155 &#8211; 1157 &#8211; 1158,John Deere 1166 &#8211; 1166 Hydro 4,John Deere 1169 &#8211; 1169 Hydro 4,John Deere 1174 &#8211; 1174 Hydro 4 0203267,0203267,Z21501,Z27710,0203267,Gates Klinasti remen 0203267,Z21501,Z27710,0203267,Gates Klinasti remen 0203267,0203267<\/p>\n","protected":false},"excerpt":{"rendered":"<p>Osigurajte optimalne performanse va\u0161ih ma\u0161ina uz Gates Klinasti remen 0203267. Ovo fleksibilno remenje je dizajnirano za preciznu sinhronizaciju u razli\u010ditim industrijskim aplikacijama. Izra\u0111eno od premium materijala, Gates Klinasti remen 0203267 pru\u017ea superiornu izdr\u017eljivost u zahtevnim radnim uslovima. Zahvaljuju\u0107i svom jedinstvenom profilu, ovo remenje pobolj\u0161ava efikasnost va\u0161ih ma\u0161ina i opreme. Z27710,Z21501 Case Intl. Harvester 730,Case Intl. [&hellip;]<\/p>\n","protected":false},"featured_media":92075,"template":"","meta":{"_acf_changed":false},"product_brand":[],"product_cat":[373,378,374,387],"product_tag":[],"class_list":{"0":"post-36277","1":"product","2":"type-product","3":"status-publish","4":"has-post-thumbnail","6":"product_cat-remenje","7":"product_cat-klinasti-kais","8":"product_cat-remenje-za-poljoprivredne-masine","9":"product_cat-klasicno-klinasto-remenje","10":"ts_product_brand-gates","12":"first","13":"instock","14":"taxable","15":"shipping-taxable","16":"product-type-simple","17":"add-to-wishlist-after_add_to_cart"},"acf":[],"_links":{"self":[{"href":"https:\/\/remenje.co.rs\/shop\/wp-json\/wp\/v2\/product\/36277","targetHints":{"allow":["GET"]}}],"collection":[{"href":"https:\/\/remenje.co.rs\/shop\/wp-json\/wp\/v2\/product"}],"about":[{"href":"https:\/\/remenje.co.rs\/shop\/wp-json\/wp\/v2\/types\/product"}],"wp:featuredmedia":[{"embeddable":true,"href":"https:\/\/remenje.co.rs\/shop\/wp-json\/wp\/v2\/media\/92075"}],"wp:attachment":[{"href":"https:\/\/remenje.co.rs\/shop\/wp-json\/wp\/v2\/media?parent=36277"}],"wp:term":[{"taxonomy":"product_brand","embeddable":true,"href":"https:\/\/remenje.co.rs\/shop\/wp-json\/wp\/v2\/product_brand?post=36277"},{"taxonomy":"product_cat","embeddable":true,"href":"https:\/\/remenje.co.rs\/shop\/wp-json\/wp\/v2\/product_cat?post=36277"},{"taxonomy":"product_tag","embeddable":true,"href":"https:\/\/remenje.co.rs\/shop\/wp-json\/wp\/v2\/product_tag?post=36277"}],"curies":[{"name":"wp","href":"https:\/\/api.w.org\/{rel}","templated":true}]}}