{"id":36280,"date":"2024-09-13T15:12:01","date_gmt":"2024-09-13T15:12:01","guid":{"rendered":"https:\/\/remenje.co.rs\/shop\/proizvod\/remenjeremenje-za-poljoprivredne-strojeveklinasti-kaisklasicno-klinasto-remenje-749\/"},"modified":"2025-01-14T22:08:52","modified_gmt":"2025-01-14T22:08:52","slug":"remenjeremenje-za-poljoprivredne-masineklinasti-kaisklasicno-klinasto-remenje-819","status":"publish","type":"product","link":"https:\/\/remenje.co.rs\/shop\/proizvod\/remenjeremenje-za-poljoprivredne-masineklinasti-kaisklasicno-klinasto-remenje-819\/","title":{"rendered":"Gates Klinasti remen 0203292"},"content":{"rendered":"<p>Pobolj\u0161ajte pouzdanost opreme va\u0161ih ma\u0161ina uz Gates Klinasti remen 0203292. Ovo specijalizovano remenje omogu\u0107ava optimalno smanjenje vibracija u svim radnim uslovima. Kreirano od naprednih kompozitnih materijala, Gates Klinasti remen 0203292 obezbe\u0111uje optimalnu efikasnost prenosa. Zahvaljuju\u0107i svom visokoj otpornosti na temperaturu i hemikalije, ovo remenje produ\u017eava vek trajanja va\u0161ih industrijskih sistema. 507278.0,H33885,007278.0 John Deere 6602 Hillside,John Deere 6622 0203292,0203292,H33885,007278.0,507278.0,0203292,Gates Klinasti remen 0203292,H33885,007278.0,507278.0,0203292,Gates Klinasti remen 0203292,0203292<\/p>\n","protected":false},"excerpt":{"rendered":"<p>Pobolj\u0161ajte pouzdanost opreme va\u0161ih ma\u0161ina uz Gates Klinasti remen 0203292. Ovo specijalizovano remenje omogu\u0107ava optimalno smanjenje vibracija u svim radnim uslovima. Kreirano od naprednih kompozitnih materijala, Gates Klinasti remen 0203292 obezbe\u0111uje optimalnu efikasnost prenosa. Zahvaljuju\u0107i svom visokoj otpornosti na temperaturu i hemikalije, ovo remenje produ\u017eava vek trajanja va\u0161ih industrijskih sistema. 507278.0,H33885,007278.0 John Deere 6602 Hillside,John [&hellip;]<\/p>\n","protected":false},"featured_media":0,"template":"","meta":{"_acf_changed":false},"product_brand":[],"product_cat":[373,378,374,387],"product_tag":[],"class_list":{"0":"post-36280","1":"product","2":"type-product","3":"status-publish","5":"product_cat-remenje","6":"product_cat-klinasti-kais","7":"product_cat-remenje-za-poljoprivredne-masine","8":"product_cat-klasicno-klinasto-remenje","9":"ts_product_brand-gates","11":"first","12":"instock","13":"taxable","14":"shipping-taxable","15":"product-type-simple","16":"add-to-wishlist-after_add_to_cart"},"acf":[],"_links":{"self":[{"href":"https:\/\/remenje.co.rs\/shop\/wp-json\/wp\/v2\/product\/36280","targetHints":{"allow":["GET"]}}],"collection":[{"href":"https:\/\/remenje.co.rs\/shop\/wp-json\/wp\/v2\/product"}],"about":[{"href":"https:\/\/remenje.co.rs\/shop\/wp-json\/wp\/v2\/types\/product"}],"wp:attachment":[{"href":"https:\/\/remenje.co.rs\/shop\/wp-json\/wp\/v2\/media?parent=36280"}],"wp:term":[{"taxonomy":"product_brand","embeddable":true,"href":"https:\/\/remenje.co.rs\/shop\/wp-json\/wp\/v2\/product_brand?post=36280"},{"taxonomy":"product_cat","embeddable":true,"href":"https:\/\/remenje.co.rs\/shop\/wp-json\/wp\/v2\/product_cat?post=36280"},{"taxonomy":"product_tag","embeddable":true,"href":"https:\/\/remenje.co.rs\/shop\/wp-json\/wp\/v2\/product_tag?post=36280"}],"curies":[{"name":"wp","href":"https:\/\/api.w.org\/{rel}","templated":true}]}}