{"id":36302,"date":"2024-09-13T15:12:24","date_gmt":"2024-09-13T15:12:24","guid":{"rendered":"https:\/\/remenje.co.rs\/shop\/proizvod\/remenjeremenje-za-poljoprivredne-strojeveklinasti-kaisklasicno-klinasto-remenje-771\/"},"modified":"2025-01-30T08:41:00","modified_gmt":"2025-01-30T08:41:00","slug":"remenjeremenje-za-poljoprivredne-masineklinasti-kaisklasicno-klinasto-remenje-841","status":"publish","type":"product","link":"https:\/\/remenje.co.rs\/shop\/proizvod\/remenjeremenje-za-poljoprivredne-masineklinasti-kaisklasicno-klinasto-remenje-841\/","title":{"rendered":"Gates Klinasti remen 0172233"},"content":{"rendered":"<p>Unapredite ukupne performanse va\u0161ih sistema uz Gates Klinasti remen 0172233. Ovo napredeno remenje obezbe\u0111uje optimalan prenos velike snage u \u0161irokom spektru industrijskih primena. Proizvedeno od vrhunskih materijala, Gates Klinasti remen 0172233 garantuje pouzdanost u ekstremnim uslovima. Zbog svog visoke otpornosti na kidanje, ovo remenje je idealno za optimizaciju rada va\u0161ih industrijskih sistema. 0070086,D73446,70086,1180828,244288,49906200,1604464M1,1876670M1,0118 0828 0172233,0172233,244288,1180828,1876670M1,70086,49906200,1604464M1,0118 0828,0070086,D73446,0172233,Gates Klinasti remen 0172233,244288,1180828,1876670M1,70086,49906200,1604464M1,0118 0828,0070086,D73446,0172233,Gates Klinasti remen 0172233,0172233<\/p>\n","protected":false},"excerpt":{"rendered":"<p>Unapredite ukupne performanse va\u0161ih sistema uz Gates Klinasti remen 0172233. Ovo napredeno remenje obezbe\u0111uje optimalan prenos velike snage u \u0161irokom spektru industrijskih primena. Proizvedeno od vrhunskih materijala, Gates Klinasti remen 0172233 garantuje pouzdanost u ekstremnim uslovima. Zbog svog visoke otpornosti na kidanje, ovo remenje je idealno za optimizaciju rada va\u0161ih industrijskih sistema. 0070086,D73446,70086,1180828,244288,49906200,1604464M1,1876670M1,0118 0828 0172233,0172233,244288,1180828,1876670M1,70086,49906200,1604464M1,0118 [&hellip;]<\/p>\n","protected":false},"featured_media":92039,"template":"","meta":{"_acf_changed":false},"product_brand":[],"product_cat":[373,378,374,387],"product_tag":[],"class_list":{"0":"post-36302","1":"product","2":"type-product","3":"status-publish","4":"has-post-thumbnail","6":"product_cat-remenje","7":"product_cat-klinasti-kais","8":"product_cat-remenje-za-poljoprivredne-masine","9":"product_cat-klasicno-klinasto-remenje","10":"ts_product_brand-gates","12":"first","13":"instock","14":"taxable","15":"shipping-taxable","16":"product-type-simple","17":"add-to-wishlist-after_add_to_cart"},"acf":[],"_links":{"self":[{"href":"https:\/\/remenje.co.rs\/shop\/wp-json\/wp\/v2\/product\/36302","targetHints":{"allow":["GET"]}}],"collection":[{"href":"https:\/\/remenje.co.rs\/shop\/wp-json\/wp\/v2\/product"}],"about":[{"href":"https:\/\/remenje.co.rs\/shop\/wp-json\/wp\/v2\/types\/product"}],"wp:featuredmedia":[{"embeddable":true,"href":"https:\/\/remenje.co.rs\/shop\/wp-json\/wp\/v2\/media\/92039"}],"wp:attachment":[{"href":"https:\/\/remenje.co.rs\/shop\/wp-json\/wp\/v2\/media?parent=36302"}],"wp:term":[{"taxonomy":"product_brand","embeddable":true,"href":"https:\/\/remenje.co.rs\/shop\/wp-json\/wp\/v2\/product_brand?post=36302"},{"taxonomy":"product_cat","embeddable":true,"href":"https:\/\/remenje.co.rs\/shop\/wp-json\/wp\/v2\/product_cat?post=36302"},{"taxonomy":"product_tag","embeddable":true,"href":"https:\/\/remenje.co.rs\/shop\/wp-json\/wp\/v2\/product_tag?post=36302"}],"curies":[{"name":"wp","href":"https:\/\/api.w.org\/{rel}","templated":true}]}}