{"id":36396,"date":"2024-09-13T15:14:04","date_gmt":"2024-09-13T15:14:04","guid":{"rendered":"https:\/\/remenje.co.rs\/shop\/proizvod\/remenjeremenje-za-poljoprivredne-strojeveklinasti-kaisklasicno-klinasto-remenje-865\/"},"modified":"2025-01-14T22:10:28","modified_gmt":"2025-01-14T22:10:28","slug":"remenjeremenje-za-poljoprivredne-masineklinasti-kaisklasicno-klinasto-remenje-935","status":"publish","type":"product","link":"https:\/\/remenje.co.rs\/shop\/proizvod\/remenjeremenje-za-poljoprivredne-masineklinasti-kaisklasicno-klinasto-remenje-935\/","title":{"rendered":"Gates Klinasti remen 0119198"},"content":{"rendered":"<p>Unapredite ukupne performanse va\u0161ih sistema uz Gates Klinasti remen 0119198. Ovo precizno izra\u0111eno remenje obezbe\u0111uje efikasnu sinhronizaciju komponenti u \u0161irokom spektru industrijskih primena. Proizvedeno od inovativnih materijala, Gates Klinasti remen 0119198 garantuje minimalno istezanje. Zbog svog superiorne prilagodljivosti, ovo remenje je klju\u010dno za unapre\u0111enje rada va\u0161ih industrijskih sistema. 41990001,D-41990001 Dronningborg D 8900,Dronningborg D 9000,Fendt 8300,Massey Ferguson Mf 34,Massey Ferguson Mf 38 0119198,0119198,D-41990001,41990001,0119198,Gates Klinasti remen 0119198,D-41990001,41990001,0119198,Gates Klinasti remen 0119198,0119198<\/p>\n","protected":false},"excerpt":{"rendered":"<p>Unapredite ukupne performanse va\u0161ih sistema uz Gates Klinasti remen 0119198. Ovo precizno izra\u0111eno remenje obezbe\u0111uje efikasnu sinhronizaciju komponenti u \u0161irokom spektru industrijskih primena. Proizvedeno od inovativnih materijala, Gates Klinasti remen 0119198 garantuje minimalno istezanje. Zbog svog superiorne prilagodljivosti, ovo remenje je klju\u010dno za unapre\u0111enje rada va\u0161ih industrijskih sistema. 41990001,D-41990001 Dronningborg D 8900,Dronningborg D 9000,Fendt 8300,Massey [&hellip;]<\/p>\n","protected":false},"featured_media":0,"template":"","meta":{"_acf_changed":false},"product_brand":[],"product_cat":[373,378,374,387],"product_tag":[],"class_list":{"0":"post-36396","1":"product","2":"type-product","3":"status-publish","5":"product_cat-remenje","6":"product_cat-klinasti-kais","7":"product_cat-remenje-za-poljoprivredne-masine","8":"product_cat-klasicno-klinasto-remenje","9":"ts_product_brand-gates","11":"first","12":"instock","13":"taxable","14":"shipping-taxable","15":"product-type-simple","16":"add-to-wishlist-after_add_to_cart"},"acf":[],"_links":{"self":[{"href":"https:\/\/remenje.co.rs\/shop\/wp-json\/wp\/v2\/product\/36396","targetHints":{"allow":["GET"]}}],"collection":[{"href":"https:\/\/remenje.co.rs\/shop\/wp-json\/wp\/v2\/product"}],"about":[{"href":"https:\/\/remenje.co.rs\/shop\/wp-json\/wp\/v2\/types\/product"}],"wp:attachment":[{"href":"https:\/\/remenje.co.rs\/shop\/wp-json\/wp\/v2\/media?parent=36396"}],"wp:term":[{"taxonomy":"product_brand","embeddable":true,"href":"https:\/\/remenje.co.rs\/shop\/wp-json\/wp\/v2\/product_brand?post=36396"},{"taxonomy":"product_cat","embeddable":true,"href":"https:\/\/remenje.co.rs\/shop\/wp-json\/wp\/v2\/product_cat?post=36396"},{"taxonomy":"product_tag","embeddable":true,"href":"https:\/\/remenje.co.rs\/shop\/wp-json\/wp\/v2\/product_tag?post=36396"}],"curies":[{"name":"wp","href":"https:\/\/api.w.org\/{rel}","templated":true}]}}