{"id":46914,"date":"2024-11-01T12:15:09","date_gmt":"2024-11-01T12:15:09","guid":{"rendered":"https:\/\/remenje.co.rs\/shop\/proizvod\/remenjeklinasti-kais-2129\/"},"modified":"2025-01-28T11:32:15","modified_gmt":"2025-01-28T11:32:15","slug":"remenjeremenje-za-poljoprivredne-strojeveklinasti-kaisklasicno-klinasto-remenje-2295","status":"publish","type":"product","link":"https:\/\/remenje.co.rs\/shop\/proizvod\/remenjeremenje-za-poljoprivredne-strojeveklinasti-kaisklasicno-klinasto-remenje-2295\/","title":{"rendered":"PIX Klinasti remen DRYB-4L-K-405"},"content":{"rendered":"<p>Obezbedite pouzdanost va\u0161eg pogonskog sistema sa PIX Klinasti remen DRYB-4L-K-405. Ovaj inovativni proizvod produ\u017eava \u017eivotni vek va\u0161ih ma\u0161ina, pove\u0107avaju\u0107i produktivnost. PIX Klinasti remen DRYB-4L-K-405 se isti\u010de svojom preciznom izradom, pru\u017eaju\u0107i pouzdano funkcionisanje \u010dak i u najzahtevnijim uslovima. KlinastiremenDRYB-4L-K-405,DRY-4L405K<\/p>\n","protected":false},"excerpt":{"rendered":"<p>Obezbedite pouzdanost va\u0161eg pogonskog sistema sa PIX Klinasti remen DRYB-4L-K-405. Ovaj inovativni proizvod produ\u017eava \u017eivotni vek va\u0161ih ma\u0161ina, pove\u0107avaju\u0107i produktivnost. PIX Klinasti remen DRYB-4L-K-405 se isti\u010de svojom preciznom izradom, pru\u017eaju\u0107i pouzdano funkcionisanje \u010dak i u najzahtevnijim uslovima. KlinastiremenDRYB-4L-K-405,DRY-4L405K<\/p>\n","protected":false},"featured_media":0,"template":"","meta":{"_acf_changed":false},"product_brand":[],"product_cat":[373,378,374,387],"product_tag":[],"class_list":{"0":"post-46914","1":"product","2":"type-product","3":"status-publish","5":"product_cat-remenje","6":"product_cat-klinasti-kais","7":"product_cat-remenje-za-poljoprivredne-masine","8":"product_cat-klasicno-klinasto-remenje","10":"first","11":"instock","12":"taxable","13":"shipping-taxable","14":"purchasable","15":"product-type-simple","16":"add-to-wishlist-after_add_to_cart"},"acf":[],"_links":{"self":[{"href":"https:\/\/remenje.co.rs\/shop\/wp-json\/wp\/v2\/product\/46914","targetHints":{"allow":["GET"]}}],"collection":[{"href":"https:\/\/remenje.co.rs\/shop\/wp-json\/wp\/v2\/product"}],"about":[{"href":"https:\/\/remenje.co.rs\/shop\/wp-json\/wp\/v2\/types\/product"}],"wp:attachment":[{"href":"https:\/\/remenje.co.rs\/shop\/wp-json\/wp\/v2\/media?parent=46914"}],"wp:term":[{"taxonomy":"product_brand","embeddable":true,"href":"https:\/\/remenje.co.rs\/shop\/wp-json\/wp\/v2\/product_brand?post=46914"},{"taxonomy":"product_cat","embeddable":true,"href":"https:\/\/remenje.co.rs\/shop\/wp-json\/wp\/v2\/product_cat?post=46914"},{"taxonomy":"product_tag","embeddable":true,"href":"https:\/\/remenje.co.rs\/shop\/wp-json\/wp\/v2\/product_tag?post=46914"}],"curies":[{"name":"wp","href":"https:\/\/api.w.org\/{rel}","templated":true}]}}