{"id":48391,"date":"2024-11-01T10:03:12","date_gmt":"2024-11-01T10:03:12","guid":{"rendered":"https:\/\/remenje.co.rs\/shop\/proizvod\/remenjekanalno-remenje-10\/"},"modified":"2025-01-13T21:44:37","modified_gmt":"2025-01-13T21:44:37","slug":"remenjeremenje-za-poljoprivredne-strojeveklinasti-kaisklasicno-klinasto-remenje-2975","status":"publish","type":"product","link":"https:\/\/remenje.co.rs\/shop\/proizvod\/remenjeremenje-za-poljoprivredne-strojeveklinasti-kaisklasicno-klinasto-remenje-2975\/","title":{"rendered":"Sanok Klinasti remen 048391T1"},"content":{"rendered":"<p>Ostvarite maksimalnu efikasnost va\u0161eg pogona uz PIX Rebrasti remen PJ 345. Ovaj visokokvalitetni proizvod minimizira trenje, optimizuju\u0107i rad va\u0161ih ma\u0161ina. PIX Rebrasti remen PJ 345 se odlikuje superiornom otporno\u0161\u0107u na istezanje, \u010dine\u0107i ga idealnim za visoko dinami\u010dne sisteme. RebrastiremenPJ345,RBMJ0345R<\/p>\n","protected":false},"excerpt":{"rendered":"<p>Ostvarite maksimalnu efikasnost va\u0161eg pogona uz PIX Rebrasti remen PJ 345. Ovaj visokokvalitetni proizvod minimizira trenje, optimizuju\u0107i rad va\u0161ih ma\u0161ina. PIX Rebrasti remen PJ 345 se odlikuje superiornom otporno\u0161\u0107u na istezanje, \u010dine\u0107i ga idealnim za visoko dinami\u010dne sisteme. RebrastiremenPJ345,RBMJ0345R<\/p>\n","protected":false},"featured_media":0,"template":"","meta":{"_acf_changed":false},"product_brand":[],"product_cat":[373,378,374,387],"product_tag":[],"class_list":{"0":"post-48391","1":"product","2":"type-product","3":"status-publish","5":"product_cat-remenje","6":"product_cat-klinasti-kais","7":"product_cat-remenje-za-poljoprivredne-masine","8":"product_cat-klasicno-klinasto-remenje","10":"first","11":"instock","12":"taxable","13":"shipping-taxable","14":"product-type-simple","15":"add-to-wishlist-after_add_to_cart"},"acf":[],"_links":{"self":[{"href":"https:\/\/remenje.co.rs\/shop\/wp-json\/wp\/v2\/product\/48391","targetHints":{"allow":["GET"]}}],"collection":[{"href":"https:\/\/remenje.co.rs\/shop\/wp-json\/wp\/v2\/product"}],"about":[{"href":"https:\/\/remenje.co.rs\/shop\/wp-json\/wp\/v2\/types\/product"}],"wp:attachment":[{"href":"https:\/\/remenje.co.rs\/shop\/wp-json\/wp\/v2\/media?parent=48391"}],"wp:term":[{"taxonomy":"product_brand","embeddable":true,"href":"https:\/\/remenje.co.rs\/shop\/wp-json\/wp\/v2\/product_brand?post=48391"},{"taxonomy":"product_cat","embeddable":true,"href":"https:\/\/remenje.co.rs\/shop\/wp-json\/wp\/v2\/product_cat?post=48391"},{"taxonomy":"product_tag","embeddable":true,"href":"https:\/\/remenje.co.rs\/shop\/wp-json\/wp\/v2\/product_tag?post=48391"}],"curies":[{"name":"wp","href":"https:\/\/api.w.org\/{rel}","templated":true}]}}