{"id":48443,"date":"2024-09-15T18:03:10","date_gmt":"2024-09-15T18:03:10","guid":{"rendered":"https:\/\/remenje.co.rs\/shop\/proizvod\/remenjekanalno-remenje-62\/"},"modified":"2025-01-28T11:41:05","modified_gmt":"2025-01-28T11:41:05","slug":"remenjekanalno-remenje-62","status":"publish","type":"product","link":"https:\/\/remenje.co.rs\/shop\/proizvod\/remenjekanalno-remenje-62\/","title":{"rendered":"PIX Rebrasti remen PJ 1016"},"content":{"rendered":"<p>Ostvarite pouzdanost va\u0161eg pogona uz PIX Rebrasti remen PJ 1016. Ovaj visokokvalitetni proizvod efikasno prenosi snagu, optimizuju\u0107i rad va\u0161ih ma\u0161ina. PIX Rebrasti remen PJ 1016 se odlikuje izuzetnom stabilno\u0161\u0107u dimenzija, \u010dine\u0107i ga idealnim za kontinuirani rad u zahtevnim uslovima. RebrastiremenPJ1016,RBMJ1016R<\/p>\n","protected":false},"excerpt":{"rendered":"<p>Ostvarite pouzdanost va\u0161eg pogona uz PIX Rebrasti remen PJ 1016. Ovaj visokokvalitetni proizvod efikasno prenosi snagu, optimizuju\u0107i rad va\u0161ih ma\u0161ina. PIX Rebrasti remen PJ 1016 se odlikuje izuzetnom stabilno\u0161\u0107u dimenzija, \u010dine\u0107i ga idealnim za kontinuirani rad u zahtevnim uslovima. RebrastiremenPJ1016,RBMJ1016R<\/p>\n","protected":false},"featured_media":0,"template":"","meta":{"_acf_changed":false},"product_brand":[],"product_cat":[373,384],"product_tag":[],"class_list":{"0":"post-48443","1":"product","2":"type-product","3":"status-publish","5":"product_cat-remenje","6":"product_cat-kanalno-remenje","7":"ts_product_brand-pix","9":"first","10":"instock","11":"taxable","12":"shipping-taxable","13":"purchasable","14":"product-type-simple","15":"add-to-wishlist-after_add_to_cart"},"acf":[],"_links":{"self":[{"href":"https:\/\/remenje.co.rs\/shop\/wp-json\/wp\/v2\/product\/48443","targetHints":{"allow":["GET"]}}],"collection":[{"href":"https:\/\/remenje.co.rs\/shop\/wp-json\/wp\/v2\/product"}],"about":[{"href":"https:\/\/remenje.co.rs\/shop\/wp-json\/wp\/v2\/types\/product"}],"wp:attachment":[{"href":"https:\/\/remenje.co.rs\/shop\/wp-json\/wp\/v2\/media?parent=48443"}],"wp:term":[{"taxonomy":"product_brand","embeddable":true,"href":"https:\/\/remenje.co.rs\/shop\/wp-json\/wp\/v2\/product_brand?post=48443"},{"taxonomy":"product_cat","embeddable":true,"href":"https:\/\/remenje.co.rs\/shop\/wp-json\/wp\/v2\/product_cat?post=48443"},{"taxonomy":"product_tag","embeddable":true,"href":"https:\/\/remenje.co.rs\/shop\/wp-json\/wp\/v2\/product_tag?post=48443"}],"curies":[{"name":"wp","href":"https:\/\/api.w.org\/{rel}","templated":true}]}}