{"id":48446,"date":"2024-09-15T18:03:13","date_gmt":"2024-09-15T18:03:13","guid":{"rendered":"https:\/\/remenje.co.rs\/shop\/proizvod\/remenjekanalno-remenje-65\/"},"modified":"2025-01-28T11:41:06","modified_gmt":"2025-01-28T11:41:06","slug":"remenjekanalno-remenje-65","status":"publish","type":"product","link":"https:\/\/remenje.co.rs\/shop\/proizvod\/remenjekanalno-remenje-65\/","title":{"rendered":"PIX Rebrasti remen PJ 1065"},"content":{"rendered":"<p>Ostvarite maksimalnu efikasnost va\u0161eg pogona uz PIX Rebrasti remen PJ 1065. Ovaj specijalizovani proizvod pru\u017ea dugotrajne performanse, optimizuju\u0107i rad va\u0161ih ma\u0161ina. PIX Rebrasti remen PJ 1065 se odlikuje optimalnom distribucijom optere\u0107enja, \u010dine\u0107i ga idealnim za visoko dinami\u010dne sisteme. RebrastiremenPJ1065,RBMJ1065R<\/p>\n","protected":false},"excerpt":{"rendered":"<p>Ostvarite maksimalnu efikasnost va\u0161eg pogona uz PIX Rebrasti remen PJ 1065. Ovaj specijalizovani proizvod pru\u017ea dugotrajne performanse, optimizuju\u0107i rad va\u0161ih ma\u0161ina. PIX Rebrasti remen PJ 1065 se odlikuje optimalnom distribucijom optere\u0107enja, \u010dine\u0107i ga idealnim za visoko dinami\u010dne sisteme. RebrastiremenPJ1065,RBMJ1065R<\/p>\n","protected":false},"featured_media":0,"template":"","meta":{"_acf_changed":false},"product_brand":[],"product_cat":[373,384],"product_tag":[],"class_list":{"0":"post-48446","1":"product","2":"type-product","3":"status-publish","5":"product_cat-remenje","6":"product_cat-kanalno-remenje","7":"ts_product_brand-pix","9":"first","10":"instock","11":"taxable","12":"shipping-taxable","13":"purchasable","14":"product-type-simple","15":"add-to-wishlist-after_add_to_cart"},"acf":[],"_links":{"self":[{"href":"https:\/\/remenje.co.rs\/shop\/wp-json\/wp\/v2\/product\/48446","targetHints":{"allow":["GET"]}}],"collection":[{"href":"https:\/\/remenje.co.rs\/shop\/wp-json\/wp\/v2\/product"}],"about":[{"href":"https:\/\/remenje.co.rs\/shop\/wp-json\/wp\/v2\/types\/product"}],"wp:attachment":[{"href":"https:\/\/remenje.co.rs\/shop\/wp-json\/wp\/v2\/media?parent=48446"}],"wp:term":[{"taxonomy":"product_brand","embeddable":true,"href":"https:\/\/remenje.co.rs\/shop\/wp-json\/wp\/v2\/product_brand?post=48446"},{"taxonomy":"product_cat","embeddable":true,"href":"https:\/\/remenje.co.rs\/shop\/wp-json\/wp\/v2\/product_cat?post=48446"},{"taxonomy":"product_tag","embeddable":true,"href":"https:\/\/remenje.co.rs\/shop\/wp-json\/wp\/v2\/product_tag?post=48446"}],"curies":[{"name":"wp","href":"https:\/\/api.w.org\/{rel}","templated":true}]}}