{"id":48457,"date":"2024-09-15T18:03:23","date_gmt":"2024-09-15T18:03:23","guid":{"rendered":"https:\/\/remenje.co.rs\/shop\/proizvod\/remenjekanalno-remenje-76\/"},"modified":"2025-01-28T11:41:15","modified_gmt":"2025-01-28T11:41:15","slug":"remenjekanalno-remenje-76","status":"publish","type":"product","link":"https:\/\/remenje.co.rs\/shop\/proizvod\/remenjekanalno-remenje-76\/","title":{"rendered":"PIX Rebrasti remen PJ 1168"},"content":{"rendered":"<p>PIX Rebrasti remen PJ 1168 predstavlja vrhunsko re\u0161enje za fleksibilne pogone. Dizajniran za dug radni vek, ovaj proizvod smanjuje buku va\u0161e opreme. Njegova optimizovana geometrija omogu\u0107ava minimalne vibracije u razli\u010ditim aplikacijama. RebrastiremenPJ1168,RBMJ1168R<\/p>\n","protected":false},"excerpt":{"rendered":"<p>PIX Rebrasti remen PJ 1168 predstavlja vrhunsko re\u0161enje za fleksibilne pogone. Dizajniran za dug radni vek, ovaj proizvod smanjuje buku va\u0161e opreme. Njegova optimizovana geometrija omogu\u0107ava minimalne vibracije u razli\u010ditim aplikacijama. RebrastiremenPJ1168,RBMJ1168R<\/p>\n","protected":false},"featured_media":0,"template":"","meta":{"_acf_changed":false},"product_brand":[],"product_cat":[373,384],"product_tag":[],"class_list":{"0":"post-48457","1":"product","2":"type-product","3":"status-publish","5":"product_cat-remenje","6":"product_cat-kanalno-remenje","7":"ts_product_brand-pix","9":"first","10":"instock","11":"taxable","12":"shipping-taxable","13":"purchasable","14":"product-type-simple","15":"add-to-wishlist-after_add_to_cart"},"acf":[],"_links":{"self":[{"href":"https:\/\/remenje.co.rs\/shop\/wp-json\/wp\/v2\/product\/48457","targetHints":{"allow":["GET"]}}],"collection":[{"href":"https:\/\/remenje.co.rs\/shop\/wp-json\/wp\/v2\/product"}],"about":[{"href":"https:\/\/remenje.co.rs\/shop\/wp-json\/wp\/v2\/types\/product"}],"wp:attachment":[{"href":"https:\/\/remenje.co.rs\/shop\/wp-json\/wp\/v2\/media?parent=48457"}],"wp:term":[{"taxonomy":"product_brand","embeddable":true,"href":"https:\/\/remenje.co.rs\/shop\/wp-json\/wp\/v2\/product_brand?post=48457"},{"taxonomy":"product_cat","embeddable":true,"href":"https:\/\/remenje.co.rs\/shop\/wp-json\/wp\/v2\/product_cat?post=48457"},{"taxonomy":"product_tag","embeddable":true,"href":"https:\/\/remenje.co.rs\/shop\/wp-json\/wp\/v2\/product_tag?post=48457"}],"curies":[{"name":"wp","href":"https:\/\/api.w.org\/{rel}","templated":true}]}}