{"id":48472,"date":"2024-09-15T18:03:41","date_gmt":"2024-09-15T18:03:41","guid":{"rendered":"https:\/\/remenje.co.rs\/shop\/proizvod\/remenjekanalno-remenje-91\/"},"modified":"2025-01-28T11:41:29","modified_gmt":"2025-01-28T11:41:29","slug":"remenjekanalno-remenje-91","status":"publish","type":"product","link":"https:\/\/remenje.co.rs\/shop\/proizvod\/remenjekanalno-remenje-91\/","title":{"rendered":"PIX Rebrasti remen PJ 1301"},"content":{"rendered":"<p>Ostvarite pouzdanost va\u0161eg pogona uz PIX Rebrasti remen PJ 1301. Ovaj specijalizovani proizvod pru\u017ea dugotrajne performanse, produ\u017eavaju\u0107i \u017eivotni vek va\u0161ih ma\u0161ina. PIX Rebrasti remen PJ 1301 se odlikuje optimalnom distribucijom optere\u0107enja, \u010dine\u0107i ga idealnim za raznovrsne industrijske primene. RebrastiremenPJ1301,RBMJ1301R<\/p>\n","protected":false},"excerpt":{"rendered":"<p>Ostvarite pouzdanost va\u0161eg pogona uz PIX Rebrasti remen PJ 1301. Ovaj specijalizovani proizvod pru\u017ea dugotrajne performanse, produ\u017eavaju\u0107i \u017eivotni vek va\u0161ih ma\u0161ina. PIX Rebrasti remen PJ 1301 se odlikuje optimalnom distribucijom optere\u0107enja, \u010dine\u0107i ga idealnim za raznovrsne industrijske primene. RebrastiremenPJ1301,RBMJ1301R<\/p>\n","protected":false},"featured_media":0,"template":"","meta":{"_acf_changed":false},"product_brand":[],"product_cat":[373,384],"product_tag":[],"class_list":{"0":"post-48472","1":"product","2":"type-product","3":"status-publish","5":"product_cat-remenje","6":"product_cat-kanalno-remenje","7":"ts_product_brand-pix","9":"first","10":"instock","11":"taxable","12":"shipping-taxable","13":"purchasable","14":"product-type-simple","15":"add-to-wishlist-after_add_to_cart"},"acf":[],"_links":{"self":[{"href":"https:\/\/remenje.co.rs\/shop\/wp-json\/wp\/v2\/product\/48472","targetHints":{"allow":["GET"]}}],"collection":[{"href":"https:\/\/remenje.co.rs\/shop\/wp-json\/wp\/v2\/product"}],"about":[{"href":"https:\/\/remenje.co.rs\/shop\/wp-json\/wp\/v2\/types\/product"}],"wp:attachment":[{"href":"https:\/\/remenje.co.rs\/shop\/wp-json\/wp\/v2\/media?parent=48472"}],"wp:term":[{"taxonomy":"product_brand","embeddable":true,"href":"https:\/\/remenje.co.rs\/shop\/wp-json\/wp\/v2\/product_brand?post=48472"},{"taxonomy":"product_cat","embeddable":true,"href":"https:\/\/remenje.co.rs\/shop\/wp-json\/wp\/v2\/product_cat?post=48472"},{"taxonomy":"product_tag","embeddable":true,"href":"https:\/\/remenje.co.rs\/shop\/wp-json\/wp\/v2\/product_tag?post=48472"}],"curies":[{"name":"wp","href":"https:\/\/api.w.org\/{rel}","templated":true}]}}