{"id":77739,"date":"2024-11-02T11:03:29","date_gmt":"2024-11-02T11:03:29","guid":{"rendered":"https:\/\/remenje.co.rs\/shop\/proizvod\/remenjeremenje-za-poljoprivredne-strojevevarijatorsko-remenjevarijatorsko-remenje-remenje-566\/"},"modified":"2025-01-15T01:17:36","modified_gmt":"2025-01-15T01:17:36","slug":"remenjeremenje-za-poljoprivredne-strojevevarijatorsko-remenjevarijatorsko-remenje-remenje-566","status":"publish","type":"product","link":"https:\/\/remenje.co.rs\/shop\/proizvod\/remenjeremenje-za-poljoprivredne-strojevevarijatorsko-remenjevarijatorsko-remenje-remenje-566\/","title":{"rendered":"Sanok Varijatorski remen &#8211; pun klin 80439129"},"content":{"rendered":"<p>Osigurajte optimalne performanse va\u0161eg motora uz Varijatorski remen-pun klin Sanok 80439129. Ovaj remen je dizajniran sa visokokvalitetnim materijalima kako bi izdr\u017eao zahtevne uslove rada. Sa Varijatorskim remenom-punim klinom Sanok 80439129, va\u0161 motor \u0107e ostvariti vrhunske rezultate i pru\u017eiti pouzdanu vo\u017enju. Varijatorski remen-pun klin Sanok 80439129 je klju\u010dni deo va\u0161eg vozila koji obezbe\u0111uje stabilnost i pouzdanost. Zahvaljuju\u0107i kvalitetnoj izradi, ovaj remen \u0107e osigurati da va\u0161e vozilo radi besprekorno i efikasno \u010dak i u najte\u017eim uslovima. 80439129,439129,84981849,Z34121 0312267,80439129,439129,80439129,84981849,Z34121,0312267,Sanok Varijatorski remen &#8211; pun klin 80439129,439129,80439129,84981849,Z34121,0312267,Sanok Varijatorski remen &#8211; pun klin 80439129,80439129<\/p>\n","protected":false},"excerpt":{"rendered":"<p>Osigurajte optimalne performanse va\u0161eg motora uz Varijatorski remen-pun klin Sanok 80439129. Ovaj remen je dizajniran sa visokokvalitetnim materijalima kako bi izdr\u017eao zahtevne uslove rada. Sa Varijatorskim remenom-punim klinom Sanok 80439129, va\u0161 motor \u0107e ostvariti vrhunske rezultate i pru\u017eiti pouzdanu vo\u017enju. Varijatorski remen-pun klin Sanok 80439129 je klju\u010dni deo va\u0161eg vozila koji obezbe\u0111uje stabilnost i pouzdanost. [&hellip;]<\/p>\n","protected":false},"featured_media":0,"template":"","meta":{"_acf_changed":false},"product_brand":[],"product_cat":[373,381,374,388],"product_tag":[],"class_list":{"0":"post-77739","1":"product","2":"type-product","3":"status-publish","5":"product_cat-remenje","6":"product_cat-varijatorsko-remenje","7":"product_cat-remenje-za-poljoprivredne-masine","8":"product_cat-varijatorsko-remenje-remenje","9":"ts_product_brand-sanok","11":"first","12":"instock","13":"taxable","14":"shipping-taxable","15":"product-type-simple","16":"add-to-wishlist-after_add_to_cart"},"acf":[],"_links":{"self":[{"href":"https:\/\/remenje.co.rs\/shop\/wp-json\/wp\/v2\/product\/77739","targetHints":{"allow":["GET"]}}],"collection":[{"href":"https:\/\/remenje.co.rs\/shop\/wp-json\/wp\/v2\/product"}],"about":[{"href":"https:\/\/remenje.co.rs\/shop\/wp-json\/wp\/v2\/types\/product"}],"wp:attachment":[{"href":"https:\/\/remenje.co.rs\/shop\/wp-json\/wp\/v2\/media?parent=77739"}],"wp:term":[{"taxonomy":"product_brand","embeddable":true,"href":"https:\/\/remenje.co.rs\/shop\/wp-json\/wp\/v2\/product_brand?post=77739"},{"taxonomy":"product_cat","embeddable":true,"href":"https:\/\/remenje.co.rs\/shop\/wp-json\/wp\/v2\/product_cat?post=77739"},{"taxonomy":"product_tag","embeddable":true,"href":"https:\/\/remenje.co.rs\/shop\/wp-json\/wp\/v2\/product_tag?post=77739"}],"curies":[{"name":"wp","href":"https:\/\/api.w.org\/{rel}","templated":true}]}}