{"id":83468,"date":"2024-11-02T15:12:11","date_gmt":"2024-11-02T15:12:11","guid":{"rendered":"https:\/\/remenje.co.rs\/shop\/proizvod\/remenjeremenje-za-poljoprivredne-strojevevarijatorsko-remenjevarijatorsko-remenje-remenje-813\/"},"modified":"2025-01-14T04:20:58","modified_gmt":"2025-01-14T04:20:58","slug":"remenjeremenje-za-poljoprivredne-strojevevarijatorsko-remenjevarijatorsko-remenje-remenje-813","status":"publish","type":"product","link":"https:\/\/remenje.co.rs\/shop\/proizvod\/remenjeremenje-za-poljoprivredne-strojevevarijatorsko-remenjevarijatorsko-remenje-remenje-813\/","title":{"rendered":"Sanok Varijatorski remen &#8211; pun klin 981678.0"},"content":{"rendered":"<p>Osna\u017eite performanse va\u0161eg motora uz Varijatorski remen-pun klin Sanok 981678.0. Ovaj remen se isti\u010de savr\u0161enom izradom, pru\u017eaju\u0107i pouzdanost i dugotrajnost. Sa Varijatorskim remenom-punim klinom Sanok 981678.0, va\u0161 motor \u0107e raditi efikasno \u010dak i pod najzahtevnijim uslovima. Varijatorski remen-pun klin Sanok 981678.0 je klju\u010dni deo va\u0161eg motora koji obezbe\u0111uje optimalnu snagu i performanse. Napravljen od pouzdanih materijala, ovaj remen garantuje bezbri\u017enu vo\u017enju i pouzdanost na duge staze. Z39750,630043,981678,630043.1,Z31867,851791,1077010507,1145970,706829,733308,653121,610835,630025,509206,653380,653380.1,H75911,80851791,610196,P46553,507508,H88576,981678<\/p>\n","protected":false},"excerpt":{"rendered":"<p>Osna\u017eite performanse va\u0161eg motora uz Varijatorski remen-pun klin Sanok 981678.0. Ovaj remen se isti\u010de savr\u0161enom izradom, pru\u017eaju\u0107i pouzdanost i dugotrajnost. Sa Varijatorskim remenom-punim klinom Sanok 981678.0, va\u0161 motor \u0107e raditi efikasno \u010dak i pod najzahtevnijim uslovima. Varijatorski remen-pun klin Sanok 981678.0 je klju\u010dni deo va\u0161eg motora koji obezbe\u0111uje optimalnu snagu i performanse. Napravljen od pouzdanih [&hellip;]<\/p>\n","protected":false},"featured_media":0,"template":"","meta":{"_acf_changed":false},"product_brand":[],"product_cat":[373,381,374,388],"product_tag":[],"class_list":{"0":"post-83468","1":"product","2":"type-product","3":"status-publish","5":"product_cat-remenje","6":"product_cat-varijatorsko-remenje","7":"product_cat-remenje-za-poljoprivredne-masine","8":"product_cat-varijatorsko-remenje-remenje","9":"ts_product_brand-sanok","11":"first","12":"instock","13":"taxable","14":"shipping-taxable","15":"product-type-simple","16":"add-to-wishlist-after_add_to_cart"},"acf":[],"_links":{"self":[{"href":"https:\/\/remenje.co.rs\/shop\/wp-json\/wp\/v2\/product\/83468","targetHints":{"allow":["GET"]}}],"collection":[{"href":"https:\/\/remenje.co.rs\/shop\/wp-json\/wp\/v2\/product"}],"about":[{"href":"https:\/\/remenje.co.rs\/shop\/wp-json\/wp\/v2\/types\/product"}],"wp:attachment":[{"href":"https:\/\/remenje.co.rs\/shop\/wp-json\/wp\/v2\/media?parent=83468"}],"wp:term":[{"taxonomy":"product_brand","embeddable":true,"href":"https:\/\/remenje.co.rs\/shop\/wp-json\/wp\/v2\/product_brand?post=83468"},{"taxonomy":"product_cat","embeddable":true,"href":"https:\/\/remenje.co.rs\/shop\/wp-json\/wp\/v2\/product_cat?post=83468"},{"taxonomy":"product_tag","embeddable":true,"href":"https:\/\/remenje.co.rs\/shop\/wp-json\/wp\/v2\/product_tag?post=83468"}],"curies":[{"name":"wp","href":"https:\/\/api.w.org\/{rel}","templated":true}]}}