{"id":87385,"date":"2024-12-28T09:40:35","date_gmt":"2024-12-28T09:40:35","guid":{"rendered":"https:\/\/remenje.co.rs\/shop\/proizvod\/remenjepljosnato-remenje\/"},"modified":"2025-01-28T11:52:48","modified_gmt":"2025-01-28T11:52:48","slug":"remenjepljosnato-remenje","status":"publish","type":"product","link":"https:\/\/remenje.co.rs\/shop\/proizvod\/remenjepljosnato-remenje\/","title":{"rendered":"Bode Belting Pljosnati remen CRNA TRAKA F 2,5 L \u0160IRINE 25mm"},"content":{"rendered":"<p>Bode Belting Pljosnati remen CRNA TRAKA F 2,5 L \u0160IRINE 25mm,BodeBeltingPljosnatiremenCRNATRAKAF2,5L\u0160IRINE25mm,Bode Belting Pljosnati remen CRNA TRAKA F 2.5 L \u0160IRINE 25mm,BB TRAKA<\/p>\n","protected":false},"excerpt":{"rendered":"<p>Jedinica mere: metar (m).<\/p>\n","protected":false},"featured_media":0,"template":"","meta":{"_acf_changed":false},"product_brand":[],"product_cat":[373,382],"product_tag":[],"class_list":{"0":"post-87385","1":"product","2":"type-product","3":"status-publish","5":"product_cat-remenje","6":"product_cat-pljosnato-remenje","7":"ts_product_brand-bode-belting","9":"first","10":"instock","11":"taxable","12":"shipping-taxable","13":"purchasable","14":"product-type-simple","15":"add-to-wishlist-after_add_to_cart"},"acf":[],"_links":{"self":[{"href":"https:\/\/remenje.co.rs\/shop\/wp-json\/wp\/v2\/product\/87385","targetHints":{"allow":["GET"]}}],"collection":[{"href":"https:\/\/remenje.co.rs\/shop\/wp-json\/wp\/v2\/product"}],"about":[{"href":"https:\/\/remenje.co.rs\/shop\/wp-json\/wp\/v2\/types\/product"}],"wp:attachment":[{"href":"https:\/\/remenje.co.rs\/shop\/wp-json\/wp\/v2\/media?parent=87385"}],"wp:term":[{"taxonomy":"product_brand","embeddable":true,"href":"https:\/\/remenje.co.rs\/shop\/wp-json\/wp\/v2\/product_brand?post=87385"},{"taxonomy":"product_cat","embeddable":true,"href":"https:\/\/remenje.co.rs\/shop\/wp-json\/wp\/v2\/product_cat?post=87385"},{"taxonomy":"product_tag","embeddable":true,"href":"https:\/\/remenje.co.rs\/shop\/wp-json\/wp\/v2\/product_tag?post=87385"}],"curies":[{"name":"wp","href":"https:\/\/api.w.org\/{rel}","templated":true}]}}